{"id":617,"date":"2025-08-09T09:16:51","date_gmt":"2025-08-09T07:16:51","guid":{"rendered":"https:\/\/bcu-reszel.pl\/?page_id=617"},"modified":"2026-01-21T17:19:27","modified_gmt":"2026-01-21T16:19:27","slug":"dokumenty-rekrutacyjne","status":"publish","type":"page","link":"https:\/\/bcu-reszel.pl\/index.php\/dokumenty-rekrutacyjne\/","title":{"rendered":"Dokumenty rekrutacyjne"},"content":{"rendered":"\n<p><strong><a href=\"http:\/\/bcu-reszel.pl\/wp-content\/uploads\/2025\/10\/Regulamin-rekrutacji-i-uczestnictwa_BCU.pdf\">Regulamin rekrutacji i uczestnictwa w szkoleniach i kursach<\/a><br><a href=\"http:\/\/bcu-reszel.pl\/wp-content\/uploads\/2025\/08\/Zalacznik-nr-1-formularz-zgloszeniowy.pdf\">Za\u0142\u0105cznik nr 1 &#8211; FORMULARZ ZG\u0141OSZENIOWY<\/a><br><a href=\"http:\/\/bcu-reszel.pl\/wp-content\/uploads\/2025\/08\/Zalacznik-nr-2-Oswiadczenie-o-braku-przeciwskazan-zdrowotnych.pdf\">Za\u0142\u0105cznik nr 2 &#8211; O\u015bwiadczenie o braku przeciwwskaza\u0144 zdrowotnych<\/a><br><a href=\"http:\/\/bcu-reszel.pl\/wp-content\/uploads\/2025\/08\/Zalacznik-nr-3-Zgoda-rodzica-na-szkolenie.pdf\">Za\u0142\u0105cznik nr 3 &#8211; Zgoda Rodzica\/Prawnego opiekuna na udzia\u0142 dziecka w szkoleniu<\/a><br><a href=\"http:\/\/bcu-reszel.pl\/wp-content\/uploads\/2025\/08\/Zalacznik-nr-4-Zaswiadczenie-dla-ucznia-lub-studenta.pdf\">Za\u0142\u0105cznik nr 4 &#8211; Za\u015bwiadczenie dla ucznia\/studenta<\/a><br><a href=\"http:\/\/bcu-reszel.pl\/wp-content\/uploads\/2025\/08\/Zalacznik-nr-5-Rezygnacja-z-udzialu-w-szkoleniu.pdf\">Za\u0142\u0105cznik nr 5 &#8211; REZYGNACJA Z UDZIA\u0141U W SZKOLENIU<\/a><br><a href=\"http:\/\/bcu-reszel.pl\/wp-content\/uploads\/2025\/08\/Zalacznik-nr-6-Deklaracja-uczestnictwa-osoby-niepelnoletniej-w-szkoleniu.pdf\">Za\u0142\u0105cznik nr 6 &#8211; DEKLARACJA UCZESTNICTWA osoby niepe\u0142noletniej<\/a><br><a href=\"http:\/\/bcu-reszel.pl\/wp-content\/uploads\/2025\/08\/Zalacznik-nr-7-Deklaracja-uczestnictwa-w-szkoleniu.pdf\">Za\u0142\u0105cznik nr 7 &#8211; DEKLARACJA UCZESTNICTWA<\/a><br><a href=\"http:\/\/bcu-reszel.pl\/wp-content\/uploads\/2025\/08\/Zalacznik-nr-8-Ankieta-ewaluacyjna-przed-szkoleniem.pdf\">Za\u0142\u0105cznik nr 8 &#8211; Ankieta ewaluacyjna przed rozpocz\u0119ciem szkolenia<\/a><br><a href=\"http:\/\/bcu-reszel.pl\/wp-content\/uploads\/2025\/08\/Zalacznik-nr-9-Ankieta-ewaluacyjna-po-zakonczeniu-projektu.pdf\">Za\u0142\u0105cznik nr 9 &#8211; Ankieta ewaluacyjna po zako\u0144czeniu szkolenia<\/a><br><a href=\"http:\/\/bcu-reszel.pl\/wp-content\/uploads\/2025\/08\/Zalacznik-nr-10-umowa-dotyczaca-szkolen-i-kursow_07.07.2025-1.pdf\">Za\u0142\u0105cznik nr 10 &#8211; Umowa szkoleniowa<\/a><br><a href=\"http:\/\/bcu-reszel.pl\/wp-content\/uploads\/2025\/08\/Zalacznik-nr-11-Zaswiadczenie-dyrektora-o-statusie-nauczyciela.pdf\">Za\u0142\u0105cznik nr 11 &#8211; ZA\u015aWIADCZENIE pracodawcy o posiadanym statusie nauczyciela wraz z informacj\u0105 o nauczanych przedmiotach<\/a><br><a href=\"http:\/\/bcu-reszel.pl\/wp-content\/uploads\/2025\/08\/Zalacznik-nr-12-oswiadczenie-o-niekorzystaniu-z-innych-szkolen.pdf\">Za\u0142\u0105cznik nr 12 &#8211; O\u015aWIADCZENIE o niekorzystaniu z innych szkole\u0144\/kurs\u00f3w w ramach konkursu<\/a><br><a href=\"http:\/\/bcu-reszel.pl\/wp-content\/uploads\/2025\/08\/Zalacznik-nr-13-Zaswiadczenie-o-wykonywaniu-zawodu.pdf\">Za\u0142\u0105cznik nr 13 &#8211; Za\u015bwiadczenie o wykonywaniu zawodu zwi\u0105zanego z dziedzin\u0105 przemys\u0142u meblarskiego<\/a><br><\/strong><a href=\"http:\/\/bcu-reszel.pl\/wp-content\/uploads\/2026\/01\/Zalacznik-nr-14-Skierowanie-na-szkolenie-branzowe.pdf\"><strong>Za\u0142\u0105cznik nr 14 &#8211; SKIEROWANIE NA SZKOLENIE BRAN\u017bOWE<\/strong><br><\/a><strong><a href=\"http:\/\/bcu-reszel.pl\/wp-content\/uploads\/2025\/08\/Zalacznik-nr-15-Klauzula-informacyjna.pdf\">Za\u0142\u0105cznik nr 15 &#8211; Klauzula informacyjna<\/a><br><a href=\"http:\/\/bcu-reszel.pl\/wp-content\/uploads\/2026\/01\/zal16_wniosek-nauczyciela-o-skierowanie-na-szkolenie.pdf.pdf\">Za\u0142\u0105cznik nr 16 &#8211; Wniosek nauczyciela do Dyrektora o skierowanie na szkolenie<\/a><\/strong><\/p>\n","protected":false},"excerpt":{"rendered":"<p>Regulamin rekrutacji i uczestnictwa w szkoleniach i kursachZa\u0142\u0105cznik nr 1 &#8211; FORMULARZ ZG\u0141OSZENIOWYZa\u0142\u0105cznik nr 2 &#8211; O\u015bwiadczenie o braku przeciwwskaza\u0144 zdrowotnychZa\u0142\u0105cznik nr 3 &#8211; Zgoda Rodzica\/Prawnego opiekuna na udzia\u0142 dziecka w szkoleniuZa\u0142\u0105cznik nr 4 &#8211; Za\u015bwiadczenie dla ucznia\/studentaZa\u0142\u0105cznik nr 5 &#8211; REZYGNACJA Z UDZIA\u0141U W SZKOLENIUZa\u0142\u0105cznik nr 6 &#8211; DEKLARACJA UCZESTNICTWA osoby niepe\u0142noletniejZa\u0142\u0105cznik nr 7 [&hellip;]<\/p>\n","protected":false},"author":1,"featured_media":0,"parent":0,"menu_order":0,"comment_status":"closed","ping_status":"closed","template":"","meta":{"_et_pb_use_builder":"off","_et_pb_old_content":"","_et_gb_content_width":"1080","footnotes":""},"class_list":["post-617","page","type-page","status-publish","hentry"],"_links":{"self":[{"href":"https:\/\/bcu-reszel.pl\/index.php\/wp-json\/wp\/v2\/pages\/617","targetHints":{"allow":["GET"]}}],"collection":[{"href":"https:\/\/bcu-reszel.pl\/index.php\/wp-json\/wp\/v2\/pages"}],"about":[{"href":"https:\/\/bcu-reszel.pl\/index.php\/wp-json\/wp\/v2\/types\/page"}],"author":[{"embeddable":true,"href":"https:\/\/bcu-reszel.pl\/index.php\/wp-json\/wp\/v2\/users\/1"}],"replies":[{"embeddable":true,"href":"https:\/\/bcu-reszel.pl\/index.php\/wp-json\/wp\/v2\/comments?post=617"}],"version-history":[{"count":7,"href":"https:\/\/bcu-reszel.pl\/index.php\/wp-json\/wp\/v2\/pages\/617\/revisions"}],"predecessor-version":[{"id":1007,"href":"https:\/\/bcu-reszel.pl\/index.php\/wp-json\/wp\/v2\/pages\/617\/revisions\/1007"}],"wp:attachment":[{"href":"https:\/\/bcu-reszel.pl\/index.php\/wp-json\/wp\/v2\/media?parent=617"}],"curies":[{"name":"wp","href":"https:\/\/api.w.org\/{rel}","templated":true}]}}