{"id":525,"date":"2025-06-18T08:25:32","date_gmt":"2025-06-18T06:25:32","guid":{"rendered":"https:\/\/bcu-reszel.pl\/?page_id=525"},"modified":"2026-04-03T06:50:53","modified_gmt":"2026-04-03T04:50:53","slug":"rada-bcu","status":"publish","type":"page","link":"https:\/\/bcu-reszel.pl\/index.php\/rada-bcu\/","title":{"rendered":"Rada BCU"},"content":{"rendered":"\n<p>Sk\u0142ad Rady Bran\u017cowego Centrum Umiej\u0119tno\u015bci w Dziedzinie Przemys\u0142u Meblarskiego w Reszlu:<\/p>\n\n\n\n<p><\/p>\n\n\n\n<p><strong>Przewodnicz\u0105ca Rady BCU<\/strong> &#8211; Olga Halina Wanago \u2013 Przedstawiciel Powiatu K\u0119trzy\u0144skiego,<\/p>\n\n\n\n<p><strong>Wiceprzewodnicz\u0105cy Rady BCU<\/strong> &#8211; Piotr Milewski \u2013 Przedstawiciel Powiatowej Rady Rynku Pracy w K\u0119trzynie,<\/p>\n\n\n\n<p><strong>Sekretarz Rady BCU<\/strong> &#8211; Andrzej Janowski \u2013 Przedstawiciel Wojew\u00f3dzkiej Rady Rynku Pracy w Olsztynie,<\/p>\n\n\n\n<p><strong>Cz\u0142onkowie:<\/strong><\/p>\n\n\n\n<p>Andrzej P\u00f3\u0142rolniczak \u2013 Przedstawiciel Stowarzyszenia Producent\u00f3w Maszyn, Urz\u0105dze\u0144 i Narz\u0119dzi do Obr\u00f3bki Drewna DROMA,<\/p>\n\n\n\n<p>Tomasz Nieci\u0105g \u2013 Przedstawiciel Stowarzyszenia Producent\u00f3w Maszyn, Urz\u0105dze\u0144 i Narz\u0119dzi do Obr\u00f3bki Drewna DROMA,<\/p>\n\n\n\n<p>Andrzej \u0141ukaszewski \u2013 Przedstawiciel pracodawc\u00f3w, firma TECHNIK S.C. Krzysztof Olender, Marcin S\u0142upski,<\/p>\n\n\n\n<p>Rados\u0142aw Osta\u0142owski \u2013 Przedstawiciel pracodawc\u00f3w, firma FESTOOL POLSKA&nbsp;&nbsp; Sp. z o.o.,<\/p>\n\n\n\n<p>Marcin Pi\u0105tek \u2013 Przedstawiciel wybrany spo\u015br\u00f3d os\u00f3b prowadz\u0105cych zaj\u0119cia w Bran\u017cowym Centrum Umiej\u0119tno\u015bci,<\/p>\n\n\n\n<p>Wojciech Rejmer \u2013 Przedstawiciel wybrany spo\u015br\u00f3d os\u00f3b prowadz\u0105cych zaj\u0119cia w Bran\u017cowym Centrum Umiej\u0119tno\u015bci.<\/p>\n\n\n\n<p><\/p>\n\n\n\n<ul class=\"wp-block-list\">\n<li><a href=\"https:\/\/bcu-reszel.pl\/index.php\/2025\/11\/18\/posiedzenie-rady-bcu\/\">Pierwsze posiedzenie Rady BCU<\/a><\/li>\n\n\n\n<li><a href=\"https:\/\/bcu-reszel.pl\/index.php\/2026\/04\/03\/posiedzenie-rady-branzowego-centrum-umiejetnosci-30-marca-2026-r\/\">Drugie posiedzenie Rady BCU<\/a><\/li>\n<\/ul>\n","protected":false},"excerpt":{"rendered":"<p>Sk\u0142ad Rady Bran\u017cowego Centrum Umiej\u0119tno\u015bci w Dziedzinie Przemys\u0142u Meblarskiego w Reszlu: Przewodnicz\u0105ca Rady BCU &#8211; Olga Halina Wanago \u2013 Przedstawiciel Powiatu K\u0119trzy\u0144skiego, Wiceprzewodnicz\u0105cy Rady BCU &#8211; Piotr Milewski \u2013 Przedstawiciel Powiatowej Rady Rynku Pracy w K\u0119trzynie, Sekretarz Rady BCU &#8211; Andrzej Janowski \u2013 Przedstawiciel Wojew\u00f3dzkiej Rady Rynku Pracy w Olsztynie, Cz\u0142onkowie: Andrzej P\u00f3\u0142rolniczak \u2013 Przedstawiciel [&hellip;]<\/p>\n","protected":false},"author":1,"featured_media":0,"parent":0,"menu_order":0,"comment_status":"closed","ping_status":"closed","template":"","meta":{"_et_pb_use_builder":"off","_et_pb_old_content":"","_et_gb_content_width":"","footnotes":""},"class_list":["post-525","page","type-page","status-publish","hentry"],"_links":{"self":[{"href":"https:\/\/bcu-reszel.pl\/index.php\/wp-json\/wp\/v2\/pages\/525","targetHints":{"allow":["GET"]}}],"collection":[{"href":"https:\/\/bcu-reszel.pl\/index.php\/wp-json\/wp\/v2\/pages"}],"about":[{"href":"https:\/\/bcu-reszel.pl\/index.php\/wp-json\/wp\/v2\/types\/page"}],"author":[{"embeddable":true,"href":"https:\/\/bcu-reszel.pl\/index.php\/wp-json\/wp\/v2\/users\/1"}],"replies":[{"embeddable":true,"href":"https:\/\/bcu-reszel.pl\/index.php\/wp-json\/wp\/v2\/comments?post=525"}],"version-history":[{"count":5,"href":"https:\/\/bcu-reszel.pl\/index.php\/wp-json\/wp\/v2\/pages\/525\/revisions"}],"predecessor-version":[{"id":1290,"href":"https:\/\/bcu-reszel.pl\/index.php\/wp-json\/wp\/v2\/pages\/525\/revisions\/1290"}],"wp:attachment":[{"href":"https:\/\/bcu-reszel.pl\/index.php\/wp-json\/wp\/v2\/media?parent=525"}],"curies":[{"name":"wp","href":"https:\/\/api.w.org\/{rel}","templated":true}]}}