{"id":389,"date":"2025-04-15T07:46:57","date_gmt":"2025-04-15T05:46:57","guid":{"rendered":"https:\/\/bcu-reszel.pl\/?page_id=389"},"modified":"2026-03-30T15:56:36","modified_gmt":"2026-03-30T13:56:36","slug":"szkolenie-zastosowanie-oprogramowania-cad-we-wzornictwie-przemyslowym-3","status":"publish","type":"page","link":"https:\/\/bcu-reszel.pl\/index.php\/szkolenie-zastosowanie-oprogramowania-cad-we-wzornictwie-przemyslowym-3\/","title":{"rendered":"Szkolenie \/ Zastosowanie oprogramowania CAD we wzornictwie przemys\u0142owym\u00a0"},"content":{"rendered":"\n<p>Kurs dedykowany osobom zainteresowanym projektowaniem produkt\u00f3w z wykorzystaniem nowoczesnych narz\u0119dzi CAD. Uczestnicy poznaj\u0105 techniki modelowania 3D, tworzenia prototyp\u00f3w cyfrowych oraz przygotowania dokumentacji technicznej. Szkolenie k\u0142adzie nacisk na funkcjonalno\u015b\u0107, estetyk\u0119 i ergonomi\u0119 projektowanych obiekt\u00f3w. Idealne dla projektant\u00f3w, in\u017cynier\u00f3w i student\u00f3w kierunk\u00f3w technicznych oraz artystycznych.<\/p>\n\n\n\n<p class=\"has-medium-font-size\"><a href=\"https:\/\/bcu-reszel.pl\/index.php\/formularz-dorosli\/\"><strong>FORMULARZ ZG\u0141OSZENIOWY<\/strong><\/a><\/p>\n","protected":false},"excerpt":{"rendered":"<p>Kurs dedykowany osobom zainteresowanym projektowaniem produkt\u00f3w z wykorzystaniem nowoczesnych narz\u0119dzi CAD. Uczestnicy poznaj\u0105 techniki modelowania 3D, tworzenia prototyp\u00f3w cyfrowych oraz przygotowania dokumentacji technicznej. Szkolenie k\u0142adzie nacisk na funkcjonalno\u015b\u0107, estetyk\u0119 i ergonomi\u0119 projektowanych obiekt\u00f3w. Idealne dla projektant\u00f3w, in\u017cynier\u00f3w i student\u00f3w kierunk\u00f3w technicznych oraz artystycznych. FORMULARZ ZG\u0141OSZENIOWY<\/p>\n","protected":false},"author":2,"featured_media":0,"parent":0,"menu_order":0,"comment_status":"closed","ping_status":"closed","template":"","meta":{"_et_pb_use_builder":"off","_et_pb_old_content":"","_et_gb_content_width":"","footnotes":""},"class_list":["post-389","page","type-page","status-publish","hentry"],"_links":{"self":[{"href":"https:\/\/bcu-reszel.pl\/index.php\/wp-json\/wp\/v2\/pages\/389","targetHints":{"allow":["GET"]}}],"collection":[{"href":"https:\/\/bcu-reszel.pl\/index.php\/wp-json\/wp\/v2\/pages"}],"about":[{"href":"https:\/\/bcu-reszel.pl\/index.php\/wp-json\/wp\/v2\/types\/page"}],"author":[{"embeddable":true,"href":"https:\/\/bcu-reszel.pl\/index.php\/wp-json\/wp\/v2\/users\/2"}],"replies":[{"embeddable":true,"href":"https:\/\/bcu-reszel.pl\/index.php\/wp-json\/wp\/v2\/comments?post=389"}],"version-history":[{"count":4,"href":"https:\/\/bcu-reszel.pl\/index.php\/wp-json\/wp\/v2\/pages\/389\/revisions"}],"predecessor-version":[{"id":1119,"href":"https:\/\/bcu-reszel.pl\/index.php\/wp-json\/wp\/v2\/pages\/389\/revisions\/1119"}],"wp:attachment":[{"href":"https:\/\/bcu-reszel.pl\/index.php\/wp-json\/wp\/v2\/media?parent=389"}],"curies":[{"name":"wp","href":"https:\/\/api.w.org\/{rel}","templated":true}]}}