{"id":375,"date":"2025-04-15T07:40:40","date_gmt":"2025-04-15T05:40:40","guid":{"rendered":"https:\/\/bcu-reszel.pl\/?page_id=375"},"modified":"2025-12-05T11:12:30","modified_gmt":"2025-12-05T10:12:30","slug":"szkolenie-chemiczna-obrobka-drewna-i-tworzyw-drewnopochodnych","status":"publish","type":"page","link":"https:\/\/bcu-reszel.pl\/index.php\/szkolenie-chemiczna-obrobka-drewna-i-tworzyw-drewnopochodnych\/","title":{"rendered":"Szkolenie \/ Chemiczna obr\u00f3bka drewna i tworzyw drewnopochodnych\u00a0"},"content":{"rendered":"\n<p>Zapoznanie uczestnik\u00f3w z budow\u0105 oraz podstawowymi w\u0142a\u015bciwo\u015bciami polimer\u00f3w syntetycznych, naturalnych materia\u0142\u00f3w wielkoczasteczkowych oraz ubocznych sk\u0142adnik\u00f3w drewna. W ramach zaj\u0119\u0107 uczestnicy b\u0119d\u0105 zapoznawa\u0107 si\u0119 z budow\u0105 chemiczn\u0105 podstawowych sk\u0142adnik\u00f3w drewna oraz ich wp\u0142ywem na jego w\u0142a\u015bciwo\u015bci u\u017cytkowe. Om\u00f3wiony zostanie r\u00f3wnie\u017c sk\u0142ad chemiczny substancji do konserwacji i ochrony drewna &#8211; ze szczeg\u00f3lnym uwzgl\u0119dnieniem polimer\u00f3w, oraz aspekt \u015brodowiskowy wykorzystania produkt\u00f3w ubocznych produkcji wyrob\u00f3w drewnianych. Zaj\u0119cia praktyczne obejm\u0105 zagadnienia z zakresu analizy chemicznej drewna oraz produkt\u00f3w drewnopochodnych.<\/p>\n\n\n\n<p><a href=\"https:\/\/bcu-reszel.pl\/index.php\/formularz-dorosli\/\"><strong>FORMULARZ ZG\u0141OSZENIOWY<\/strong><\/a><\/p>\n","protected":false},"excerpt":{"rendered":"<p>Zapoznanie uczestnik\u00f3w z budow\u0105 oraz podstawowymi w\u0142a\u015bciwo\u015bciami polimer\u00f3w syntetycznych, naturalnych materia\u0142\u00f3w wielkoczasteczkowych oraz ubocznych sk\u0142adnik\u00f3w drewna. W ramach zaj\u0119\u0107 uczestnicy b\u0119d\u0105 zapoznawa\u0107 si\u0119 z budow\u0105 chemiczn\u0105 podstawowych sk\u0142adnik\u00f3w drewna oraz ich wp\u0142ywem na jego w\u0142a\u015bciwo\u015bci u\u017cytkowe. Om\u00f3wiony zostanie r\u00f3wnie\u017c sk\u0142ad chemiczny substancji do konserwacji i ochrony drewna &#8211; ze szczeg\u00f3lnym uwzgl\u0119dnieniem polimer\u00f3w, oraz aspekt \u015brodowiskowy [&hellip;]<\/p>\n","protected":false},"author":2,"featured_media":0,"parent":0,"menu_order":0,"comment_status":"closed","ping_status":"closed","template":"","meta":{"_et_pb_use_builder":"off","_et_pb_old_content":"","_et_gb_content_width":"","footnotes":""},"class_list":["post-375","page","type-page","status-publish","hentry"],"_links":{"self":[{"href":"https:\/\/bcu-reszel.pl\/index.php\/wp-json\/wp\/v2\/pages\/375","targetHints":{"allow":["GET"]}}],"collection":[{"href":"https:\/\/bcu-reszel.pl\/index.php\/wp-json\/wp\/v2\/pages"}],"about":[{"href":"https:\/\/bcu-reszel.pl\/index.php\/wp-json\/wp\/v2\/types\/page"}],"author":[{"embeddable":true,"href":"https:\/\/bcu-reszel.pl\/index.php\/wp-json\/wp\/v2\/users\/2"}],"replies":[{"embeddable":true,"href":"https:\/\/bcu-reszel.pl\/index.php\/wp-json\/wp\/v2\/comments?post=375"}],"version-history":[{"count":2,"href":"https:\/\/bcu-reszel.pl\/index.php\/wp-json\/wp\/v2\/pages\/375\/revisions"}],"predecessor-version":[{"id":910,"href":"https:\/\/bcu-reszel.pl\/index.php\/wp-json\/wp\/v2\/pages\/375\/revisions\/910"}],"wp:attachment":[{"href":"https:\/\/bcu-reszel.pl\/index.php\/wp-json\/wp\/v2\/media?parent=375"}],"curies":[{"name":"wp","href":"https:\/\/api.w.org\/{rel}","templated":true}]}}