{"id":373,"date":"2025-04-15T07:39:48","date_gmt":"2025-04-15T05:39:48","guid":{"rendered":"https:\/\/bcu-reszel.pl\/?page_id=373"},"modified":"2025-12-23T10:45:17","modified_gmt":"2025-12-23T09:45:17","slug":"szkolenie-obsluga-programow-cad-wykorzystywanych-przy-sporzadzaniu-dokumentacji-technicznej-wyrobow-meblarskich-kurs-rozszerzony","status":"publish","type":"page","link":"https:\/\/bcu-reszel.pl\/index.php\/szkolenie-obsluga-programow-cad-wykorzystywanych-przy-sporzadzaniu-dokumentacji-technicznej-wyrobow-meblarskich-kurs-rozszerzony\/","title":{"rendered":"Szkolenie \/ Obs\u0142uga program\u00f3w CAD wykorzystywanych przy sporz\u0105dzaniu dokumentacji technicznej wyrob\u00f3w meblarskich \u2013 kurs rozszerzony\u00a0"},"content":{"rendered":"\n<p>Projektowanie cz\u0119\u015bci i z\u0142o\u017ce\u0144 w kilku wariantach z zastosowaniem konfiguracji. Podstawy projektowania modeli z gotowych profili drewnianych i drewnopochodnych. Podstawy definiowania w\u0142asnych profili. Podstawy tworzenia w\u0142asnych szablon\u00f3w rysunk\u00f3w oraz format\u00f3w rysunk\u00f3w. Definiowanie w\u0142a\u015bciwo\u015bci cz\u0119\u015bci i z\u0142o\u017ce\u0144 i zastosowanie ich w dokumentacji technicznej.<\/p>\n\n\n\n<p><strong><a href=\"https:\/\/bcu-reszel.pl\/index.php\/formularz-dorosli\/\"><strong>FORMULARZ ZG\u0141OSZENIOWY<\/strong><\/a><\/strong><\/p>\n","protected":false},"excerpt":{"rendered":"<p>Projektowanie cz\u0119\u015bci i z\u0142o\u017ce\u0144 w kilku wariantach z zastosowaniem konfiguracji. Podstawy projektowania modeli z gotowych profili drewnianych i drewnopochodnych. Podstawy definiowania w\u0142asnych profili. Podstawy tworzenia w\u0142asnych szablon\u00f3w rysunk\u00f3w oraz format\u00f3w rysunk\u00f3w. Definiowanie w\u0142a\u015bciwo\u015bci cz\u0119\u015bci i z\u0142o\u017ce\u0144 i zastosowanie ich w dokumentacji technicznej. FORMULARZ ZG\u0141OSZENIOWY<\/p>\n","protected":false},"author":2,"featured_media":0,"parent":0,"menu_order":0,"comment_status":"closed","ping_status":"closed","template":"","meta":{"_et_pb_use_builder":"off","_et_pb_old_content":"","_et_gb_content_width":"","footnotes":""},"class_list":["post-373","page","type-page","status-publish","hentry"],"_links":{"self":[{"href":"https:\/\/bcu-reszel.pl\/index.php\/wp-json\/wp\/v2\/pages\/373","targetHints":{"allow":["GET"]}}],"collection":[{"href":"https:\/\/bcu-reszel.pl\/index.php\/wp-json\/wp\/v2\/pages"}],"about":[{"href":"https:\/\/bcu-reszel.pl\/index.php\/wp-json\/wp\/v2\/types\/page"}],"author":[{"embeddable":true,"href":"https:\/\/bcu-reszel.pl\/index.php\/wp-json\/wp\/v2\/users\/2"}],"replies":[{"embeddable":true,"href":"https:\/\/bcu-reszel.pl\/index.php\/wp-json\/wp\/v2\/comments?post=373"}],"version-history":[{"count":2,"href":"https:\/\/bcu-reszel.pl\/index.php\/wp-json\/wp\/v2\/pages\/373\/revisions"}],"predecessor-version":[{"id":955,"href":"https:\/\/bcu-reszel.pl\/index.php\/wp-json\/wp\/v2\/pages\/373\/revisions\/955"}],"wp:attachment":[{"href":"https:\/\/bcu-reszel.pl\/index.php\/wp-json\/wp\/v2\/media?parent=373"}],"curies":[{"name":"wp","href":"https:\/\/api.w.org\/{rel}","templated":true}]}}