{"id":369,"date":"2025-04-15T07:36:36","date_gmt":"2025-04-15T05:36:36","guid":{"rendered":"https:\/\/bcu-reszel.pl\/?page_id=369"},"modified":"2026-03-19T08:17:01","modified_gmt":"2026-03-19T07:17:01","slug":"szkolenie-towaroznawstwo-drzewne-oraz-tworzyw-drzewnych-i-drewnopochodnych","status":"publish","type":"page","link":"https:\/\/bcu-reszel.pl\/index.php\/szkolenie-towaroznawstwo-drzewne-oraz-tworzyw-drzewnych-i-drewnopochodnych\/","title":{"rendered":"Szkolenie \/ Towaroznawstwo drzewne oraz tworzyw drzewnych i drewnopochodnych\u00a0"},"content":{"rendered":"\n<p>Teoretyczne i praktyczne przygotowanie kursant\u00f3w do oceny surowca drzewnego i tworzyw drewnopochodnych. Zapoznanie z budow\u0105 i specyficznymi w\u0142a\u015bciwo\u015bciami surowc\u00f3w wytwarzanych z drewna. Opanowanie umiej\u0119tno\u015bci oceny jako\u015bci technicznej i zmienno\u015bci warto\u015bci u\u017cytkowej surowc\u00f3w drzewnych oraz mo\u017cliwo\u015bci ich przerobu i u\u017cytkowania.<\/p>\n\n\n\n<p><a href=\"https:\/\/bcu-reszel.pl\/index.php\/formularz-dorosli\/\" data-type=\"page\" data-id=\"560\">FORMULARZ ZG\u0141OSZENIOWY<\/a><\/p>\n","protected":false},"excerpt":{"rendered":"<p>Teoretyczne i praktyczne przygotowanie kursant\u00f3w do oceny surowca drzewnego i tworzyw drewnopochodnych. Zapoznanie z budow\u0105 i specyficznymi w\u0142a\u015bciwo\u015bciami surowc\u00f3w wytwarzanych z drewna. Opanowanie umiej\u0119tno\u015bci oceny jako\u015bci technicznej i zmienno\u015bci warto\u015bci u\u017cytkowej surowc\u00f3w drzewnych oraz mo\u017cliwo\u015bci ich przerobu i u\u017cytkowania. FORMULARZ ZG\u0141OSZENIOWY<\/p>\n","protected":false},"author":2,"featured_media":0,"parent":0,"menu_order":0,"comment_status":"closed","ping_status":"closed","template":"","meta":{"_et_pb_use_builder":"off","_et_pb_old_content":"","_et_gb_content_width":"","footnotes":""},"class_list":["post-369","page","type-page","status-publish","hentry"],"_links":{"self":[{"href":"https:\/\/bcu-reszel.pl\/index.php\/wp-json\/wp\/v2\/pages\/369","targetHints":{"allow":["GET"]}}],"collection":[{"href":"https:\/\/bcu-reszel.pl\/index.php\/wp-json\/wp\/v2\/pages"}],"about":[{"href":"https:\/\/bcu-reszel.pl\/index.php\/wp-json\/wp\/v2\/types\/page"}],"author":[{"embeddable":true,"href":"https:\/\/bcu-reszel.pl\/index.php\/wp-json\/wp\/v2\/users\/2"}],"replies":[{"embeddable":true,"href":"https:\/\/bcu-reszel.pl\/index.php\/wp-json\/wp\/v2\/comments?post=369"}],"version-history":[{"count":2,"href":"https:\/\/bcu-reszel.pl\/index.php\/wp-json\/wp\/v2\/pages\/369\/revisions"}],"predecessor-version":[{"id":1063,"href":"https:\/\/bcu-reszel.pl\/index.php\/wp-json\/wp\/v2\/pages\/369\/revisions\/1063"}],"wp:attachment":[{"href":"https:\/\/bcu-reszel.pl\/index.php\/wp-json\/wp\/v2\/media?parent=369"}],"curies":[{"name":"wp","href":"https:\/\/api.w.org\/{rel}","templated":true}]}}