{"id":367,"date":"2025-04-15T07:35:31","date_gmt":"2025-04-15T05:35:31","guid":{"rendered":"https:\/\/bcu-reszel.pl\/?page_id=367"},"modified":"2025-11-24T14:03:22","modified_gmt":"2025-11-24T13:03:22","slug":"kurs-projektowanie-i-wytwarzanie-elementow-drzewnych-i-drewnopochodnych-z-wykorzystaniem-oprogramowania-cad-cam-i-maszyn-sterowanych-numerycznie-3","status":"publish","type":"page","link":"https:\/\/bcu-reszel.pl\/index.php\/kurs-projektowanie-i-wytwarzanie-elementow-drzewnych-i-drewnopochodnych-z-wykorzystaniem-oprogramowania-cad-cam-i-maszyn-sterowanych-numerycznie-3\/","title":{"rendered":"Kurs \/ Projektowanie i wytwarzanie element\u00f3w drzewnych i drewnopochodnych z wykorzystaniem oprogramowania CAD\/CAM i maszyn sterowanych numerycznie.\u00a0"},"content":{"rendered":"\n<p>Kompleksowy kurs \u0142\u0105cz\u0105cy projektowanie w \u015brodowisku CAD\/CAM z praktycznym zastosowaniem maszyn CNC do obr\u00f3bki drewna i materia\u0142\u00f3w drewnopochodnych. Uczestnicy naucz\u0105 si\u0119 tworzy\u0107 modele, generowa\u0107 \u015bcie\u017cki narz\u0119dzi i przygotowywa\u0107 pliki produkcyjne. Kurs skierowany do stolarzy, technolog\u00f3w i projektant\u00f3w chc\u0105cych zautomatyzowa\u0107 i zoptymalizowa\u0107 procesy wytwarzania.<\/p>\n\n\n\n<p><a href=\"https:\/\/bcu-reszel.pl\/index.php\/formularz-dorosli\/\"><strong>FORMULARZ ZG\u0141OSZENIOWY<\/strong><\/a><\/p>\n","protected":false},"excerpt":{"rendered":"<p>Kompleksowy kurs \u0142\u0105cz\u0105cy projektowanie w \u015brodowisku CAD\/CAM z praktycznym zastosowaniem maszyn CNC do obr\u00f3bki drewna i materia\u0142\u00f3w drewnopochodnych. Uczestnicy naucz\u0105 si\u0119 tworzy\u0107 modele, generowa\u0107 \u015bcie\u017cki narz\u0119dzi i przygotowywa\u0107 pliki produkcyjne. Kurs skierowany do stolarzy, technolog\u00f3w i projektant\u00f3w chc\u0105cych zautomatyzowa\u0107 i zoptymalizowa\u0107 procesy wytwarzania. FORMULARZ ZG\u0141OSZENIOWY<\/p>\n","protected":false},"author":2,"featured_media":0,"parent":0,"menu_order":0,"comment_status":"closed","ping_status":"closed","template":"","meta":{"_et_pb_use_builder":"off","_et_pb_old_content":"","_et_gb_content_width":"","footnotes":""},"class_list":["post-367","page","type-page","status-publish","hentry"],"_links":{"self":[{"href":"https:\/\/bcu-reszel.pl\/index.php\/wp-json\/wp\/v2\/pages\/367","targetHints":{"allow":["GET"]}}],"collection":[{"href":"https:\/\/bcu-reszel.pl\/index.php\/wp-json\/wp\/v2\/pages"}],"about":[{"href":"https:\/\/bcu-reszel.pl\/index.php\/wp-json\/wp\/v2\/types\/page"}],"author":[{"embeddable":true,"href":"https:\/\/bcu-reszel.pl\/index.php\/wp-json\/wp\/v2\/users\/2"}],"replies":[{"embeddable":true,"href":"https:\/\/bcu-reszel.pl\/index.php\/wp-json\/wp\/v2\/comments?post=367"}],"version-history":[{"count":2,"href":"https:\/\/bcu-reszel.pl\/index.php\/wp-json\/wp\/v2\/pages\/367\/revisions"}],"predecessor-version":[{"id":892,"href":"https:\/\/bcu-reszel.pl\/index.php\/wp-json\/wp\/v2\/pages\/367\/revisions\/892"}],"wp:attachment":[{"href":"https:\/\/bcu-reszel.pl\/index.php\/wp-json\/wp\/v2\/media?parent=367"}],"curies":[{"name":"wp","href":"https:\/\/api.w.org\/{rel}","templated":true}]}}