{"id":333,"date":"2025-03-28T09:41:22","date_gmt":"2025-03-28T08:41:22","guid":{"rendered":"https:\/\/bcu-reszel.pl\/?page_id=333"},"modified":"2026-04-01T11:19:18","modified_gmt":"2026-04-01T09:19:18","slug":"partnerzy","status":"publish","type":"page","link":"https:\/\/bcu-reszel.pl\/index.php\/partnerzy\/","title":{"rendered":"Partnerzy"},"content":{"rendered":"\n<p><strong>Uniwersytet Warmi\u0144sko-Mazurski w Olsztynie<\/strong><\/p>\n\n\n\n<p>Uniwersytet Warmi\u0144sko-Mazurski w Olsztynie to nowoczesna uczelnia akademicka, \u0142\u0105cz\u0105ca edukacj\u0119 na najwy\u017cszym poziomie z innowacyjnymi badaniami naukowymi. Oferuje szeroki wyb\u00f3r kierunk\u00f3w kszta\u0142cenia, w tym na Wydziale Rolnictwa i Le\u015bnictwa, Wydziale Nauk Technicznych&nbsp; kt\u00f3re maj\u0105 istotne znaczenie dla rozwoju bran\u017cy meblarskiej i przemys\u0142owej.<\/p>\n\n\n\n<p>Sta\u0142e d\u0105\u017cenie do prawdy naukowej jest fundamentem, z kt\u00f3rego wyrastaj\u0105 nowe kierunki studi\u00f3w i dynamicznie rozwijaj\u0105ce si\u0119 dyscypliny badawcze. Prowadzone na UWM badania odpowiadaj\u0105 na wyzwania wsp\u00f3\u0142czesno\u015bci, a uczelnia aktywnie wspiera innowacje i transfer technologii, wsp\u00f3\u0142pracuj\u0105c z przedsi\u0119biorstwami oraz samorz\u0105dami.<\/p>\n\n\n\n<p>Nieustanny rozw\u00f3j uczelni znajduje wyraz w rosn\u0105cej liczbie uprawnie\u0144 do nadawania stopni naukowych, osi\u0105gni\u0119ciach kadry akademickiej oraz modernizacji infrastruktury. UWM to miejsce, w kt\u00f3rym tradycja spotyka si\u0119 z przysz\u0142o\u015bci\u0105, tworz\u0105c przestrze\u0144 dla ambitnych bada\u0144, edukacji i innowacji.<\/p>\n\n\n\n<p>Kortowo \u2013 malowniczy kampus UWM \u2013 \u0142\u0105czy histori\u0119 z nowoczesno\u015bci\u0105, b\u0119d\u0105c jednym z najpi\u0119kniejszych o\u015brodk\u00f3w akademickich w Polsce i Europie. Po\u0142o\u017cone w\u015br\u00f3d jezior i zieleni miasteczko uniwersyteckie to nie tylko wizyt\u00f3wka Warmii i Mazur, ale tak\u017ce symbol silnych zwi\u0105zk\u00f3w uczelni z regionem. UWM pe\u0142ni rol\u0119 centrum kulturotw\u00f3rczego i opiniotw\u00f3rczego, inspiruj\u0105c rozw\u00f3j spo\u0142eczny i gospodarczy.<\/p>\n\n\n\n<p>Uczelnia&nbsp;oferuje kszta\u0142cenie w&nbsp;dowolnej formie: studia stacjonarne, niestacjonarne, licencjackie, in\u017cynierskie i magisterskie, na jednym lub wi\u0119cej spo\u015br\u00f3d ponad 70 kierunk\u00f3w studi\u00f3w.&nbsp;Zapraszamy do zapoznania si\u0119 z pe\u0142n\u0105 ofert\u0105 UWM: <a href=\"http:\/\/www.rekrutacja.uwm.edu.pl\">www.rekrutacja.uwm.edu.pl<\/a><\/p>\n\n\n\n<figure class=\"wp-block-image size-full\"><img loading=\"lazy\" decoding=\"async\" width=\"2560\" height=\"1703\" src=\"https:\/\/bcu-reszel.pl\/wp-content\/uploads\/2025\/04\/042-scaled.jpg\" alt=\"\" class=\"wp-image-339\" srcset=\"https:\/\/bcu-reszel.pl\/wp-content\/uploads\/2025\/04\/042-scaled.jpg 2560w, https:\/\/bcu-reszel.pl\/wp-content\/uploads\/2025\/04\/042-1280x852.jpg 1280w, https:\/\/bcu-reszel.pl\/wp-content\/uploads\/2025\/04\/042-980x652.jpg 980w, https:\/\/bcu-reszel.pl\/wp-content\/uploads\/2025\/04\/042-480x319.jpg 480w\" sizes=\"(min-width: 0px) and (max-width: 480px) 480px, (min-width: 481px) and (max-width: 980px) 980px, (min-width: 981px) and (max-width: 1280px) 1280px, (min-width: 1281px) 2560px, 100vw\" \/><\/figure>\n\n\n\n<figure class=\"wp-block-image size-full\"><img loading=\"lazy\" decoding=\"async\" width=\"2560\" height=\"1703\" src=\"https:\/\/bcu-reszel.pl\/wp-content\/uploads\/2025\/04\/108-scaled.jpg\" alt=\"\" class=\"wp-image-340\" srcset=\"https:\/\/bcu-reszel.pl\/wp-content\/uploads\/2025\/04\/108-scaled.jpg 2560w, https:\/\/bcu-reszel.pl\/wp-content\/uploads\/2025\/04\/108-1280x852.jpg 1280w, https:\/\/bcu-reszel.pl\/wp-content\/uploads\/2025\/04\/108-980x652.jpg 980w, https:\/\/bcu-reszel.pl\/wp-content\/uploads\/2025\/04\/108-480x319.jpg 480w\" sizes=\"(min-width: 0px) and (max-width: 480px) 480px, (min-width: 481px) and (max-width: 980px) 980px, (min-width: 981px) and (max-width: 1280px) 1280px, (min-width: 1281px) 2560px, 100vw\" \/><\/figure>\n\n\n\n<figure class=\"wp-block-image size-full\"><img loading=\"lazy\" decoding=\"async\" width=\"2560\" height=\"1704\" src=\"https:\/\/bcu-reszel.pl\/wp-content\/uploads\/2025\/04\/WNT-16-scaled.jpg\" alt=\"\" class=\"wp-image-341\" srcset=\"https:\/\/bcu-reszel.pl\/wp-content\/uploads\/2025\/04\/WNT-16-scaled.jpg 2560w, https:\/\/bcu-reszel.pl\/wp-content\/uploads\/2025\/04\/WNT-16-1280x852.jpg 1280w, https:\/\/bcu-reszel.pl\/wp-content\/uploads\/2025\/04\/WNT-16-980x652.jpg 980w, https:\/\/bcu-reszel.pl\/wp-content\/uploads\/2025\/04\/WNT-16-480x320.jpg 480w\" sizes=\"(min-width: 0px) and (max-width: 480px) 480px, (min-width: 481px) and (max-width: 980px) 980px, (min-width: 981px) and (max-width: 1280px) 1280px, (min-width: 1281px) 2560px, 100vw\" \/><figcaption class=\"wp-element-caption\">Technologia drewna na Wydziale Nauk Technicznych.<\/figcaption><\/figure>\n\n\n\n<figure class=\"wp-block-image size-full\"><img loading=\"lazy\" decoding=\"async\" width=\"2560\" height=\"1707\" src=\"https:\/\/bcu-reszel.pl\/wp-content\/uploads\/2025\/04\/WNT_budynek-2-scaled.jpg\" alt=\"\" class=\"wp-image-342\" srcset=\"https:\/\/bcu-reszel.pl\/wp-content\/uploads\/2025\/04\/WNT_budynek-2-scaled.jpg 2560w, https:\/\/bcu-reszel.pl\/wp-content\/uploads\/2025\/04\/WNT_budynek-2-1280x854.jpg 1280w, https:\/\/bcu-reszel.pl\/wp-content\/uploads\/2025\/04\/WNT_budynek-2-980x653.jpg 980w, https:\/\/bcu-reszel.pl\/wp-content\/uploads\/2025\/04\/WNT_budynek-2-480x320.jpg 480w\" sizes=\"(min-width: 0px) and (max-width: 480px) 480px, (min-width: 481px) and (max-width: 980px) 980px, (min-width: 981px) and (max-width: 1280px) 1280px, (min-width: 1281px) 2560px, 100vw\" \/><\/figure>\n\n\n\n<p><\/p>\n\n\n\n<p><\/p>\n\n\n\n<p><\/p>\n\n\n\n<p><\/p>\n\n\n\n<p><strong>Marcin Pi\u0105tek<\/strong> to w\u0142a\u015bciciel firmy <strong>EKSPERTsoft <\/strong>i partner firmy Autodesk, kt\u00f3ra specjalizuje si\u0119 w wdra\u017caniu oraz dostosowywaniu oprogramowania <strong>Autodesk Fusion<\/strong>. Jego dzia\u0142alno\u015b\u0107 koncentruje si\u0119 na sprzeda\u017cy licencji, prowadzeniu szkole\u0144, zapewnianiu wsparcia technicznego oraz dostosowywaniu postprocesor\u00f3w CNC do indywidualnych potrzeb klient\u00f3w. Dzi\u0119ki swojemu do\u015bwiadczeniu i wiedzy in\u017cynierskiej pomaga firmom oraz osobom prywatnym optymalizowa\u0107 procesy projektowania i produkcji w \u015brodowisku CAD\/CAM.<\/p>\n\n\n\n<p><strong>Wykszta\u0142cenie i do\u015bwiadczenie<\/strong><\/p>\n\n\n\n<p>Marcin Pi\u0105tek uko\u0144czy\u0142 <strong>Akademi\u0119 G\u00f3rniczo-Hutnicz\u0105 w Krakowie<\/strong>, co pozwoli\u0142o mu zdoby\u0107 solidne podstawy w zakresie in\u017cynierii mechanicznej i technologii produkcji. Od lat zwi\u0105zany jest z bran\u017c\u0105 przemys\u0142ow\u0105 oraz oprogramowaniem in\u017cynierskim, co pozwala mu skutecznie doradza\u0107 klientom w zakresie wdra\u017cania nowoczesnych narz\u0119dzi cyfrowych do obr\u00f3bki CNC i projektowania 3D.<\/p>\n\n\n\n<p><strong>Dzia\u0142alno\u015b\u0107 firmy EKSPERTsoft<\/strong><\/p>\n\n\n\n<p>Jego firma EKSPERTsoft dzia\u0142a na polskim rynku, oferuj\u0105c kompleksowe us\u0142ugi w zakresie:<\/p>\n\n\n\n<ul class=\"wp-block-list\">\n<li><strong>Licencjonowania oprogramowania Autodesk Fusion<\/strong> \u2013 doradztwo w doborze odpowiedniego pakietu, pomoc w zakupie licencji.<\/li>\n\n\n\n<li><strong>Szkole\u0144 i kurs\u00f3w z obs\u0142ugi Fusion<\/strong> \u2013 zar\u00f3wno dla pocz\u0105tkuj\u0105cych, jak i zaawansowanych u\u017cytkownik\u00f3w.<\/li>\n\n\n\n<li><strong>Wsparcia technicznego<\/strong> \u2013 konsultacje online i offline, pomoc w rozwi\u0105zywaniu problem\u00f3w z oprogramowaniem.<\/li>\n\n\n\n<li><strong>Dostosowywania postprocesor\u00f3w<\/strong> \u2013 modyfikacja kod\u00f3w postprocesor\u00f3w dla maszyn CNC w celu zwi\u0119kszenia efektywno\u015bci produkcji.<\/li>\n\n\n\n<li><strong>Integracji system\u00f3w CAD\/CAM<\/strong> \u2013 wdra\u017canie nowoczesnych rozwi\u0105za\u0144 technologicznych dla przemys\u0142u.<\/li>\n<\/ul>\n\n\n\n<p><strong>Zainteresowania i pasje<\/strong><\/p>\n\n\n\n<p>Poza dzia\u0142alno\u015bci\u0105 zawodow\u0105, Marcin Pi\u0105tek interesuje si\u0119 nowoczesnymi technologiami, szczeg\u00f3lnie w obszarze automatyzacji produkcji oraz rozwoju oprogramowania in\u017cynierskiego. Jego pasj\u0105 jest optymalizacja proces\u00f3w wytw\u00f3rczych i poszukiwanie innowacyjnych rozwi\u0105za\u0144 usprawniaj\u0105cych prac\u0119 w \u015brodowisku przemys\u0142owym. Ch\u0119tnie dzieli si\u0119 swoj\u0105 wiedz\u0105, prowadz\u0105c szkolenia oraz publikuj\u0105c materia\u0142y edukacyjne na temat Fusion 360 i obr\u00f3bki CNC.<\/p>\n\n\n\n<p>Marcin Pi\u0105tek jest aktywnym uczestnikiem wydarze\u0144 bran\u017cowych, konferencji technologicznych oraz for\u00f3w po\u015bwi\u0119conych oprogramowaniu CAD\/CAM. Jego celem jest wspieranie firm w cyfryzacji proces\u00f3w projektowych i produkcyjnych, co czyni go cenionym specjalist\u0105 w swojej dziedzinie.<\/p>\n\n\n\n<figure class=\"wp-block-image size-large is-resized\"><img loading=\"lazy\" decoding=\"async\" width=\"796\" height=\"1024\" src=\"https:\/\/bcu-reszel.pl\/wp-content\/uploads\/2025\/04\/Piatek-Marcin-796x1024.jpg\" alt=\"\" class=\"wp-image-345\" style=\"width:795px;height:auto\"\/><figcaption class=\"wp-element-caption\">Pi\u0105tek Marcin<\/figcaption><\/figure>\n\n\n\n<figure class=\"wp-block-image aligncenter size-large is-resized\"><img loading=\"lazy\" decoding=\"async\" width=\"1024\" height=\"227\" src=\"https:\/\/bcu-reszel.pl\/wp-content\/uploads\/2026\/04\/droma-1024x227.png\" alt=\"\" class=\"wp-image-1252\" style=\"width:589px;height:auto\" srcset=\"https:\/\/bcu-reszel.pl\/wp-content\/uploads\/2026\/04\/droma-980x217.png 980w, https:\/\/bcu-reszel.pl\/wp-content\/uploads\/2026\/04\/droma-480x106.png 480w\" sizes=\"(min-width: 0px) and (max-width: 480px) 480px, (min-width: 481px) and (max-width: 980px) 980px, (min-width: 981px) 1024px, 100vw\" \/><\/figure>\n\n\n\n<p><\/p>\n\n\n\n<figure class=\"wp-block-image aligncenter size-medium is-resized\"><img loading=\"lazy\" decoding=\"async\" width=\"300\" height=\"127\" src=\"https:\/\/bcu-reszel.pl\/wp-content\/uploads\/2025\/06\/logo-technik-bcu-2-300x127.jpg\" alt=\"\" class=\"wp-image-518\" style=\"aspect-ratio:2.362271414821944;width:569px;height:auto\"\/><\/figure>\n","protected":false},"excerpt":{"rendered":"<p>Uniwersytet Warmi\u0144sko-Mazurski w Olsztynie Uniwersytet Warmi\u0144sko-Mazurski w Olsztynie to nowoczesna uczelnia akademicka, \u0142\u0105cz\u0105ca edukacj\u0119 na najwy\u017cszym poziomie z innowacyjnymi badaniami naukowymi. Oferuje szeroki wyb\u00f3r kierunk\u00f3w kszta\u0142cenia, w tym na Wydziale Rolnictwa i Le\u015bnictwa, Wydziale Nauk Technicznych&nbsp; kt\u00f3re maj\u0105 istotne znaczenie dla rozwoju bran\u017cy meblarskiej i przemys\u0142owej. Sta\u0142e d\u0105\u017cenie do prawdy naukowej jest fundamentem, z kt\u00f3rego [&hellip;]<\/p>\n","protected":false},"author":1,"featured_media":0,"parent":0,"menu_order":0,"comment_status":"closed","ping_status":"closed","template":"","meta":{"_et_pb_use_builder":"off","_et_pb_old_content":"","_et_gb_content_width":"1080","footnotes":""},"class_list":["post-333","page","type-page","status-publish","hentry"],"_links":{"self":[{"href":"https:\/\/bcu-reszel.pl\/index.php\/wp-json\/wp\/v2\/pages\/333","targetHints":{"allow":["GET"]}}],"collection":[{"href":"https:\/\/bcu-reszel.pl\/index.php\/wp-json\/wp\/v2\/pages"}],"about":[{"href":"https:\/\/bcu-reszel.pl\/index.php\/wp-json\/wp\/v2\/types\/page"}],"author":[{"embeddable":true,"href":"https:\/\/bcu-reszel.pl\/index.php\/wp-json\/wp\/v2\/users\/1"}],"replies":[{"embeddable":true,"href":"https:\/\/bcu-reszel.pl\/index.php\/wp-json\/wp\/v2\/comments?post=333"}],"version-history":[{"count":8,"href":"https:\/\/bcu-reszel.pl\/index.php\/wp-json\/wp\/v2\/pages\/333\/revisions"}],"predecessor-version":[{"id":1253,"href":"https:\/\/bcu-reszel.pl\/index.php\/wp-json\/wp\/v2\/pages\/333\/revisions\/1253"}],"wp:attachment":[{"href":"https:\/\/bcu-reszel.pl\/index.php\/wp-json\/wp\/v2\/media?parent=333"}],"curies":[{"name":"wp","href":"https:\/\/api.w.org\/{rel}","templated":true}]}}