{"id":12,"date":"2025-01-20T11:19:28","date_gmt":"2025-01-20T10:19:28","guid":{"rendered":"http:\/\/bcu-reszel.pl\/?page_id=12"},"modified":"2026-04-15T06:28:13","modified_gmt":"2026-04-15T04:28:13","slug":"home","status":"publish","type":"page","link":"https:\/\/bcu-reszel.pl\/","title":{"rendered":"Strona g\u0142\u00f3wna"},"content":{"rendered":"<p>[et_pb_section fb_built=&#8221;1&#8243; fullwidth=&#8221;on&#8221; _builder_version=&#8221;4.27.4&#8243; _module_preset=&#8221;default&#8221; global_colors_info=&#8221;{}&#8221;][et_pb_fullwidth_slider _builder_version=&#8221;4.27.4&#8243; _module_preset=&#8221;default&#8221; header_font=&#8221;&#8211;et_global_heading_font|700|||||||&#8221; auto=&#8221;on&#8221; global_colors_info=&#8221;{}&#8221;][et_pb_slide heading=&#8221;Bran\u017cowe Centrum Umiej\u0119tno\u015bci w Dziedzinie Przemys\u0142u Meblarskiego \u2013 Tw\u00f3j klucz do sukcesu!&#8221; _builder_version=&#8221;4.27.4&#8243; _module_preset=&#8221;default&#8221; header_text_align=&#8221;left&#8221; header_font_size=&#8221;37px&#8221; background_image=&#8221;http:\/\/bcu-reszel.pl\/wp-content\/uploads\/2025\/11\/f1.jpg&#8221; background_enable_image=&#8221;on&#8221; global_colors_info=&#8221;{}&#8221; sticky_transition=&#8221;on&#8221;][\/et_pb_slide][et_pb_slide heading=&#8221;Bran\u017cowe Centrum Umiej\u0119tno\u015bci w Dziedzinie Przemys\u0142u Meblarskiego \u2013 Tw\u00f3j klucz do sukcesu!&#8221; _builder_version=&#8221;4.27.4&#8243; _module_preset=&#8221;default&#8221; header_text_align=&#8221;left&#8221; header_font_size=&#8221;37px&#8221; background_image=&#8221;http:\/\/bcu-reszel.pl\/wp-content\/uploads\/2025\/11\/f2.jpg&#8221; background_enable_image=&#8221;on&#8221; global_colors_info=&#8221;{}&#8221; sticky_transition=&#8221;on&#8221;][\/et_pb_slide][et_pb_slide heading=&#8221;Bran\u017cowe Centrum Umiej\u0119tno\u015bci w Dziedzinie Przemys\u0142u Meblarskiego \u2013 Tw\u00f3j klucz do sukcesu!&#8221; _builder_version=&#8221;4.27.4&#8243; _module_preset=&#8221;default&#8221; header_text_align=&#8221;left&#8221; header_font_size=&#8221;37px&#8221; background_image=&#8221;http:\/\/bcu-reszel.pl\/wp-content\/uploads\/2025\/11\/f4.jpg&#8221; background_enable_image=&#8221;on&#8221; global_colors_info=&#8221;{}&#8221; sticky_transition=&#8221;on&#8221;][\/et_pb_slide][et_pb_slide heading=&#8221;Bran\u017cowe Centrum Umiej\u0119tno\u015bci w Dziedzinie Przemys\u0142u Meblarskiego \u2013 Tw\u00f3j klucz do sukcesu!&#8221; _builder_version=&#8221;4.27.4&#8243; _module_preset=&#8221;default&#8221; header_text_align=&#8221;left&#8221; header_font_size=&#8221;37px&#8221; background_image=&#8221;http:\/\/bcu-reszel.pl\/wp-content\/uploads\/2025\/11\/f5.jpg&#8221; background_enable_image=&#8221;on&#8221; global_colors_info=&#8221;{}&#8221; sticky_transition=&#8221;on&#8221;][\/et_pb_slide][\/et_pb_fullwidth_slider][\/et_pb_section][et_pb_section fb_built=&#8221;1&#8243; admin_label=&#8221;Features&#8221; _builder_version=&#8221;4.17.6&#8243; _module_preset=&#8221;default&#8221; collapsed=&#8221;on&#8221; global_colors_info=&#8221;{}&#8221;][et_pb_row column_structure=&#8221;1_2,1_2&#8243; _builder_version=&#8221;4.17.6&#8243; _module_preset=&#8221;5138c454-be54-4233-bd3b-f8e6a8747976&#8243; global_colors_info=&#8221;{}&#8221;][et_pb_column type=&#8221;1_2&#8243; _builder_version=&#8221;4.17.3&#8243; _module_preset=&#8221;73121f80-a3ef-4484-8763-c3f18e3c56d2&#8243; global_colors_info=&#8221;{}&#8221;][et_pb_image src=&#8221;http:\/\/bcu-reszel.pl\/wp-content\/uploads\/2025\/01\/2151104693-e1738252753978.jpg&#8221; title_text=&#8221;2151104693&#8243; align=&#8221;center&#8221; _builder_version=&#8221;4.27.4&#8243; _module_preset=&#8221;6ed8fd5c-62c5-4100-98c3-7b8b6d2c2ee6&#8243; module_alignment=&#8221;center&#8221; locked=&#8221;off&#8221; global_colors_info=&#8221;{}&#8221;][\/et_pb_image][\/et_pb_column][et_pb_column type=&#8221;1_2&#8243; _builder_version=&#8221;4.17.3&#8243; _module_preset=&#8221;73121f80-a3ef-4484-8763-c3f18e3c56d2&#8243; global_colors_info=&#8221;{}&#8221;][et_pb_heading title=&#8221;Bran\u017cowe Centrum Umiej\u0119tno\u015bci&#8221; _builder_version=&#8221;4.24.3&#8243; _module_preset=&#8221;c33f07d9-41e0-421a-8799-5799df695cce&#8221; locked=&#8221;off&#8221; global_colors_info=&#8221;{}&#8221;][\/et_pb_heading][et_pb_text _builder_version=&#8221;4.24.3&#8243; _module_preset=&#8221;2c55a9c4-feed-423b-9edb-ae0b5b365cac&#8221; locked=&#8221;off&#8221; global_colors_info=&#8221;{}&#8221;]<\/p>\n<p>Powiat K\u0119trzy\u0144ski otrzyma\u0142 dofinansowanie w kwocie 11 151 498,43 z\u0142 na utworzenie i wsparcie funkcjonowania Bran\u017cowego Centrum Umiej\u0119tno\u015bci w dziedzinie przemys\u0142u meblarskiego w Zespole Szk\u00f3\u0142 im. M. Rataja w Reszlu w ramach Konkursu \u201eUtworzenie i wsparcie funkcjonowania 120 bran\u017cowych centr\u00f3w umiej\u0119tno\u015bci (BCU), realizuj\u0105cych koncepcj\u0119 centr\u00f3w doskona\u0142o\u015bci zawodowej (CoVEs)\u201d Krajowego Planu Odbudowy i Zwi\u0119kszania Odporno\u015bci, w Komponencie A \u201eOdporno\u015b\u0107 i konkurencyjno\u015b\u0107 gospodarki\u201d, jako inwestycja A3.1.1 Wsparcie rozwoju nowoczesnego kszta\u0142cenia zawodowego, szkolnictwa wy\u017cszego oraz uczenia si\u0119 przez ca\u0142e \u017cycie\u201d<\/p>\n<p>Partnerami projektu s\u0105: Stowarzyszenie Producent\u00f3w Maszyn, Urz\u0105dze\u0144 i Narz\u0119dzi do Obr\u00f3bki Drewna DROMA, Uniwersytet Warmi\u0144sko Mazurski w Olsztynie, EKSPERTsoft Marcin Pi\u0105tek, TECHNIK S.C. Krzysztof Olender, Marcin S\u0142upski.<\/p>\n<p>[\/et_pb_text][\/et_pb_column][\/et_pb_row][\/et_pb_section][et_pb_section fb_built=&#8221;1&#8243; admin_label=&#8221;Testimonials&#8221; _builder_version=&#8221;4.17.6&#8243; _module_preset=&#8221;default&#8221; locked=&#8221;off&#8221; collapsed=&#8221;on&#8221; global_colors_info=&#8221;{}&#8221;][et_pb_row _builder_version=&#8221;4.16&#8243; _module_preset=&#8221;5138c454-be54-4233-bd3b-f8e6a8747976&#8243; locked=&#8221;off&#8221; global_colors_info=&#8221;{}&#8221;][et_pb_column type=&#8221;4_4&#8243; _builder_version=&#8221;4.16&#8243; _module_preset=&#8221;73121f80-a3ef-4484-8763-c3f18e3c56d2&#8243; global_colors_info=&#8221;{}&#8221;][et_pb_heading title=&#8221;Korzy\u015bci, jakie daje Bran\u017cowe Centrum Umiej\u0119tno\u015bci&#8221; _builder_version=&#8221;4.27.4&#8243; _module_preset=&#8221;c33f07d9-41e0-421a-8799-5799df695cce&#8221; title_text_align=&#8221;center&#8221; global_colors_info=&#8221;{}&#8221;][\/et_pb_heading][\/et_pb_column][\/et_pb_row][et_pb_row _builder_version=&#8221;4.27.4&#8243; _module_preset=&#8221;default&#8221; global_colors_info=&#8221;{}&#8221;][et_pb_column type=&#8221;4_4&#8243; _builder_version=&#8221;4.27.4&#8243; _module_preset=&#8221;default&#8221; global_colors_info=&#8221;{}&#8221;][et_pb_text _builder_version=&#8221;4.27.4&#8243; _module_preset=&#8221;default&#8221; global_colors_info=&#8221;{}&#8221;]<\/p>\n<h3 style=\"text-align: center;\"><a href=\"https:\/\/bcu-reszel.pl\/index.php\/formularz-dorosli\/\" title=\"FORMULARZ ZG\u0141OSZENIOWY NA SZKOLENIA\">FORMULARZ ZG\u0141OSZENIOWY NA SZKOLENIA<\/a><\/h3>\n<p>[\/et_pb_text][\/et_pb_column][\/et_pb_row][et_pb_row column_structure=&#8221;1_3,1_3,1_3&#8243; _builder_version=&#8221;4.17.6&#8243; _module_preset=&#8221;5138c454-be54-4233-bd3b-f8e6a8747976&#8243; global_colors_info=&#8221;{}&#8221;][et_pb_column type=&#8221;1_3&#8243; _builder_version=&#8221;4.17.6&#8243; _module_preset=&#8221;73121f80-a3ef-4484-8763-c3f18e3c56d2&#8243; global_colors_info=&#8221;{}&#8221;][et_pb_image src=&#8221;http:\/\/bcu-reszel.pl\/wp-content\/uploads\/2025\/07\/1icon.jpg&#8221; title_text=&#8221;ikony&#8221; align=&#8221;center&#8221; _builder_version=&#8221;4.27.4&#8243; _module_preset=&#8221;6ed8fd5c-62c5-4100-98c3-7b8b6d2c2ee6&#8243; max_height=&#8221;100px&#8221; border_radii=&#8221;on|300px|300px|300px|300px&#8221; global_colors_info=&#8221;{}&#8221;][\/et_pb_image][et_pb_text _builder_version=&#8221;4.27.4&#8243; _module_preset=&#8221;ca5459fa-2abd-4000-9b59-3cb483bcc17e&#8221; text_font=&#8221;&#8211;et_global_body_font|700|||||||&#8221; text_text_color=&#8221;gcid-heading-color&#8221; text_orientation=&#8221;center&#8221; locked=&#8221;off&#8221; global_colors_info=&#8221;{%22gcid-primary-color%22:%91%22link_text_color%22,%22link_text_color%22,%22link_text_color%22%93,%22gcid-heading-color%22:%91%22header_text_color%22,%22header_4_text_color%22,%22header_3_text_color%22,%22header_2_text_color%22,%22header_5_text_color%22,%22header_6_text_color%22,%22quote_text_color%22,%22text_text_color%22%93,%22gcid-secondary-color%22:%91%22quote_border_color%22,%22quote_border_color%22,%22quote_border_color%22%93}&#8221;]<\/p>\n<h4>BEZP\u0141ATNE SZKOLENIA<\/h4>\n<p>[\/et_pb_text][\/et_pb_column][et_pb_column type=&#8221;1_3&#8243; _builder_version=&#8221;4.17.6&#8243; _module_preset=&#8221;73121f80-a3ef-4484-8763-c3f18e3c56d2&#8243; custom_padding_tablet=&#8221;30px||||false|false&#8221; custom_padding_phone=&#8221;30px||||false|false&#8221; custom_padding_last_edited=&#8221;on|tablet&#8221; global_colors_info=&#8221;{}&#8221;][et_pb_image src=&#8221;http:\/\/bcu-reszel.pl\/wp-content\/uploads\/2025\/01\/2icon.jpg&#8221; title_text=&#8221;ikony&#8221; align=&#8221;center&#8221; _builder_version=&#8221;4.27.4&#8243; _module_preset=&#8221;6ed8fd5c-62c5-4100-98c3-7b8b6d2c2ee6&#8243; max_height=&#8221;100px&#8221; border_radii=&#8221;on|300px|300px|300px|300px&#8221; locked=&#8221;off&#8221; global_colors_info=&#8221;{}&#8221;][\/et_pb_image][et_pb_text _builder_version=&#8221;4.27.4&#8243; _module_preset=&#8221;ca5459fa-2abd-4000-9b59-3cb483bcc17e&#8221; text_font=&#8221;&#8211;et_global_body_font|700|||||||&#8221; text_text_color=&#8221;gcid-heading-color&#8221; text_orientation=&#8221;center&#8221; locked=&#8221;off&#8221; global_colors_info=&#8221;{%22gcid-primary-color%22:%91%22link_text_color%22,%22link_text_color%22,%22link_text_color%22%93,%22gcid-heading-color%22:%91%22header_text_color%22,%22header_4_text_color%22,%22header_3_text_color%22,%22header_2_text_color%22,%22header_5_text_color%22,%22header_6_text_color%22,%22quote_text_color%22,%22text_text_color%22%93,%22gcid-secondary-color%22:%91%22quote_border_color%22,%22quote_border_color%22,%22quote_border_color%22%93}&#8221;]<\/p>\n<h4 class=\"\">WYKWALIFIKOWANA KADRA SZKOLENIOWA<\/h4>\n<p>[\/et_pb_text][\/et_pb_column][et_pb_column type=&#8221;1_3&#8243; _builder_version=&#8221;4.17.6&#8243; _module_preset=&#8221;73121f80-a3ef-4484-8763-c3f18e3c56d2&#8243; custom_padding_tablet=&#8221;30px||||false|false&#8221; custom_padding_phone=&#8221;30px||||false|false&#8221; custom_padding_last_edited=&#8221;on|tablet&#8221; global_colors_info=&#8221;{}&#8221;][et_pb_image src=&#8221;http:\/\/bcu-reszel.pl\/wp-content\/uploads\/2025\/01\/3icon.jpg&#8221; title_text=&#8221;ikony&#8221; align=&#8221;center&#8221; _builder_version=&#8221;4.27.4&#8243; _module_preset=&#8221;6ed8fd5c-62c5-4100-98c3-7b8b6d2c2ee6&#8243; max_height=&#8221;100px&#8221; border_radii=&#8221;on|300px|300px|300px|300px&#8221; locked=&#8221;off&#8221; global_colors_info=&#8221;{}&#8221;][\/et_pb_image][et_pb_text _builder_version=&#8221;4.27.4&#8243; _module_preset=&#8221;ca5459fa-2abd-4000-9b59-3cb483bcc17e&#8221; text_font=&#8221;&#8211;et_global_body_font|700|||||||&#8221; text_text_color=&#8221;gcid-heading-color&#8221; text_orientation=&#8221;center&#8221; locked=&#8221;off&#8221; global_colors_info=&#8221;{%22gcid-primary-color%22:%91%22link_text_color%22,%22link_text_color%22,%22link_text_color%22%93,%22gcid-heading-color%22:%91%22header_text_color%22,%22header_4_text_color%22,%22header_3_text_color%22,%22header_2_text_color%22,%22header_5_text_color%22,%22header_6_text_color%22,%22quote_text_color%22,%22text_text_color%22%93,%22gcid-secondary-color%22:%91%22quote_border_color%22,%22quote_border_color%22,%22quote_border_color%22%93}&#8221;]<\/p>\n<h4>PRAKTYCZNA NAUKA ZAWODU<\/h4>\n<p>[\/et_pb_text][\/et_pb_column][\/et_pb_row][\/et_pb_section][et_pb_section fb_built=&#8221;1&#8243; admin_label=&#8221;About&#8221; _builder_version=&#8221;4.25.1&#8243; _module_preset=&#8221;default&#8221; collapsed=&#8221;on&#8221; global_colors_info=&#8221;{}&#8221;][et_pb_row column_structure=&#8221;1_2,1_2&#8243; _builder_version=&#8221;4.25.1&#8243; _module_preset=&#8221;048d8e79-b07f-439b-bd57-f41c14f0a56b&#8221; global_colors_info=&#8221;{}&#8221;][et_pb_column type=&#8221;1_2&#8243; _builder_version=&#8221;4.25.1&#8243; _module_preset=&#8221;default&#8221; global_colors_info=&#8221;{}&#8221;][et_pb_image src=&#8221;http:\/\/bcu-reszel.pl\/wp-content\/uploads\/2025\/01\/cropped-org_logo.png&#8221; title_text=&#8221;cropped-org_logo.png&#8221; _builder_version=&#8221;4.27.4&#8243; _module_preset=&#8221;default&#8221; global_colors_info=&#8221;{}&#8221;][\/et_pb_image][\/et_pb_column][et_pb_column type=&#8221;1_2&#8243; _builder_version=&#8221;4.25.1&#8243; _module_preset=&#8221;default&#8221; global_colors_info=&#8221;{}&#8221;][et_pb_heading title=&#8221;O BCU&#8221; _builder_version=&#8221;4.25.1&#8243; _module_preset=&#8221;c33f07d9-41e0-421a-8799-5799df695cce&#8221; global_colors_info=&#8221;{}&#8221;][\/et_pb_heading][et_pb_text _builder_version=&#8221;4.27.4&#8243; _module_preset=&#8221;2c55a9c4-feed-423b-9edb-ae0b5b365cac&#8221; custom_padding=&#8221;||2px|||&#8221; global_colors_info=&#8221;{}&#8221;]<\/p>\n<p>Bran\u017cowe Centrum Umiej\u0119tno\u015bci (BCU) w dziedzinie przemys\u0142u meblarskiego to jedyna w Wojew\u00f3dztwie Warmi\u0144sko-Mazurskim innowacyjna jednostka szkoleniowa, kt\u00f3ra powsta\u0142a w Zespole Szk\u00f3\u0142 im. Macieja Rataja w Reszlu. Centrum stanowi odpowied\u017a na dynamicznie rozwijaj\u0105cy si\u0119 sektor meblarski oraz rosn\u0105ce zapotrzebowanie na wysoko wykwalifikowanych specjalist\u00f3w.<\/p>\n<p>G\u0142\u00f3wnym celem BCU jest kszta\u0142cenie i doskonalenie umiej\u0119tno\u015bci przysz\u0142ych fachowc\u00f3w w bran\u017cy meblarskiej.<\/p>\n<p>[\/et_pb_text][et_pb_button button_url=&#8221;http:\/\/bcu-reszel.pl\/index.php\/o-bcu\/&#8221; button_text=&#8221;Czytaj wi\u0119cej&#8221; _builder_version=&#8221;4.27.4&#8243; _module_preset=&#8221;1bffc0fc-42a0-49d1-bd9a-ae3ade2d7206&#8243; global_colors_info=&#8221;{}&#8221;][\/et_pb_button][\/et_pb_column][\/et_pb_row][\/et_pb_section][et_pb_section fb_built=&#8221;1&#8243; admin_label=&#8221;Call to Action&#8221; _builder_version=&#8221;4.24.3&#8243; _module_preset=&#8221;default&#8221; background_enable_color=&#8221;off&#8221; use_background_color_gradient=&#8221;on&#8221; background_color_gradient_stops=&#8221;rgba(0,0,0,0.5) 0%|rgba(0,0,0,0.5) 100%&#8221; background_color_gradient_overlays_image=&#8221;on&#8221; background_image=&#8221;https:\/\/images.unsplash.com\/photo-1519074002996-a69e7ac46a42?ixid=M3w1ODkyNzF8MHwxfHNlYXJjaHw3fHxoYW5kcy1vbiUyMHRyYWluaW5nfGVufDB8MHx8fDE3MzczNjgyMzB8MA&#038;ixlib=rb-4.0.3&#038;fm=webp&#038;fit=crop&#038;crop=entropy&#038;w=1920&#038;h=1080&#038;q=20&#038;dpr=2&#8243; custom_padding=&#8221;5vw||5vw||true|false&#8221; locked=&#8221;off&#8221; collapsed=&#8221;on&#8221; global_colors_info=&#8221;{%22gcid-36fd78a7-34bc-404d-873c-dafa34efaae5%22:%91%22background_color%22%93}&#8221;][et_pb_row _builder_version=&#8221;4.18.0&#8243; _module_preset=&#8221;5138c454-be54-4233-bd3b-f8e6a8747976&#8243; global_colors_info=&#8221;{}&#8221;][et_pb_column type=&#8221;4_4&#8243; _builder_version=&#8221;4.18.0&#8243; _module_preset=&#8221;73121f80-a3ef-4484-8763-c3f18e3c56d2&#8243; global_colors_info=&#8221;{}&#8221;][et_pb_cta title=&#8221;Do\u0142\u0105cz do Naszych Kurs\u00f3w!&#8221; button_url=&#8221;http:\/\/bcu-reszel.pl\/index.php\/szkolenia\/&#8221; button_text=&#8221;Szkolenia&#8221; _builder_version=&#8221;4.27.4&#8243; _module_preset=&#8221;4c2ad5d0-871e-414e-a4be-aa9134d4ae8e&#8221; custom_padding=&#8221;60px|60px|60px|60px|true|true&#8221; custom_padding_tablet=&#8221;30px|30px|30px|30px|true|true&#8221; custom_padding_phone=&#8221;20px|20px|20px|20px|true|true&#8221; custom_padding_last_edited=&#8221;on|desktop&#8221; locked=&#8221;off&#8221; global_colors_info=&#8221;{%22gcid-f2943306-fa6c-45f0-b632-5fc00151366a%22:%91%22button_text_color%22%93,%22gcid-36fd78a7-34bc-404d-873c-dafa34efaae5%22:%91%22button_text_color%22,%22color%22,%22background_color%22%93,%22gcid-7cadd8b3-5228-48e4-90c4-212d09232f7b%22:%91%22color%22,%22color%22,%22color%22,%22color%22%93,%22gcid-f113ad93-2527-46d7-862b-fc71181c6b5e%22:%91%22border_color_all%22,%22border_color_all%22%93}&#8221; text_font_size_tablet=&#8221;16px&#8221; text_font_size_phone=&#8221;14px&#8221; text_font_size_last_edited=&#8221;on|phone&#8221;]<\/p>\n<p>Rozwijaj swoje umiej\u0119tno\u015bci w przemy\u015ble meblarskim z naszymi specjalistycznymi kursami. Skontaktuj si\u0119 z nami, aby dowiedzie\u0107 si\u0119 wi\u0119cej o mo\u017cliwo\u015bciach nauki i rozwoju kariery.<\/p>\n<p>[\/et_pb_cta][\/et_pb_column][\/et_pb_row][\/et_pb_section]<\/p>\n","protected":false},"excerpt":{"rendered":"<p>Powiat K\u0119trzy\u0144ski otrzyma\u0142 dofinansowanie w kwocie 11 151 498,43 z\u0142 na utworzenie i wsparcie funkcjonowania Bran\u017cowego Centrum Umiej\u0119tno\u015bci w dziedzinie przemys\u0142u meblarskiego w Zespole Szk\u00f3\u0142 im. M. Rataja w Reszlu w ramach Konkursu \u201eUtworzenie i wsparcie funkcjonowania 120 bran\u017cowych centr\u00f3w umiej\u0119tno\u015bci (BCU), realizuj\u0105cych koncepcj\u0119 centr\u00f3w doskona\u0142o\u015bci zawodowej (CoVEs)\u201d Krajowego Planu Odbudowy i Zwi\u0119kszania Odporno\u015bci, w [&hellip;]<\/p>\n","protected":false},"author":1,"featured_media":0,"parent":0,"menu_order":0,"comment_status":"closed","ping_status":"closed","template":"","meta":{"_et_pb_use_builder":"on","_et_pb_old_content":"","_et_gb_content_width":"","footnotes":""},"class_list":["post-12","page","type-page","status-publish","hentry"],"_links":{"self":[{"href":"https:\/\/bcu-reszel.pl\/index.php\/wp-json\/wp\/v2\/pages\/12","targetHints":{"allow":["GET"]}}],"collection":[{"href":"https:\/\/bcu-reszel.pl\/index.php\/wp-json\/wp\/v2\/pages"}],"about":[{"href":"https:\/\/bcu-reszel.pl\/index.php\/wp-json\/wp\/v2\/types\/page"}],"author":[{"embeddable":true,"href":"https:\/\/bcu-reszel.pl\/index.php\/wp-json\/wp\/v2\/users\/1"}],"replies":[{"embeddable":true,"href":"https:\/\/bcu-reszel.pl\/index.php\/wp-json\/wp\/v2\/comments?post=12"}],"version-history":[{"count":46,"href":"https:\/\/bcu-reszel.pl\/index.php\/wp-json\/wp\/v2\/pages\/12\/revisions"}],"predecessor-version":[{"id":1292,"href":"https:\/\/bcu-reszel.pl\/index.php\/wp-json\/wp\/v2\/pages\/12\/revisions\/1292"}],"wp:attachment":[{"href":"https:\/\/bcu-reszel.pl\/index.php\/wp-json\/wp\/v2\/media?parent=12"}],"curies":[{"name":"wp","href":"https:\/\/api.w.org\/{rel}","templated":true}]}}