{"id":119,"date":"2025-01-30T13:47:30","date_gmt":"2025-01-30T12:47:30","guid":{"rendered":"http:\/\/bcu-reszel.pl\/?page_id=119"},"modified":"2026-04-15T06:26:00","modified_gmt":"2026-04-15T04:26:00","slug":"szkolenia","status":"publish","type":"page","link":"https:\/\/bcu-reszel.pl\/index.php\/szkolenia\/","title":{"rendered":"Szkolenia"},"content":{"rendered":"\n<h3 class=\"wp-block-heading\"><a href=\"https:\/\/bcu-reszel.pl\/index.php\/dokumenty-rekrutacyjne\/\" data-type=\"page\" data-id=\"617\"><mark style=\"background-color:rgba(0, 0, 0, 0)\" class=\"has-inline-color has-vivid-cyan-blue-color\">Dokumenty rekrutacyjne<\/mark><\/a><\/h3>\n\n\n\n<p><strong>Osoby doros\u0142e:<\/strong><\/p>\n\n\n\n<ol class=\"wp-block-list\">\n<li><s>Szkolenie \/ Cyfrowe projektowanie mebli w oprogramowaniu CAD<\/s> &#8211; zako\u0144czone<\/li>\n\n\n\n<li><a href=\"https:\/\/bcu-reszel.pl\/index.php\/szkolenie-zastosowanie-oprogramowania-cad-we-wzornictwie-przemyslowym-3\/\" data-type=\"page\" data-id=\"389\">Szkolenie \/ Zastosowanie oprogramowania CAD we wzornictwie przemys\u0142owym <\/a><\/li>\n\n\n\n<li><s>Szkolenie \/ Programowanie maszyn numerycznych z wykorzystaniem oprogramowania Autodesk Fusion 360 &#8211; obr\u00f3bki prostopad\u0142e<\/s> &#8211; zako\u0144czone<\/li>\n\n\n\n<li><s>Szkolenie \/ Programowanie maszyn numerycznych z wykorzystaniem oprogramowania Autodesk Fusion 360 &#8211; obr\u00f3bki krzywolinijne <\/s>&#8211; zako\u0144czone<\/li>\n\n\n\n<li><a href=\"https:\/\/bcu-reszel.pl\/index.php\/kurs-projektowanie-i-wytwarzanie-elementow-drzewnych-i-drewnopochodnych-z-wykorzystaniem-oprogramowania-cad-cam-i-maszyn-sterowanych-numerycznie-3\/\">Kurs \/&nbsp;Projektowanie i wytwarzanie element\u00f3w drzewnych i drewnopochodnych z wykorzystaniem oprogramowania CAD\/CAM i maszyn sterowanych numerycznie<\/a><\/li>\n\n\n\n<li><a href=\"https:\/\/bcu-reszel.pl\/index.php\/szkolenie-towaroznawstwo-drzewne-oraz-tworzyw-drzewnych-i-drewnopochodnych\/\">Szkolenie \/ Towaroznawstwo drzewne oraz tworzyw drzewnych i drewnopochodnych<\/a><\/li>\n\n\n\n<li><s>Szkolenie \/ Obs\u0142uga program\u00f3w CAD wykorzystywanych przy sporz\u0105dzaniu dokumentacji technicznej wyrob\u00f3w meblarskich \u2013 kurs podstawowy<\/s> &#8211; zako\u0144czone<\/li>\n\n\n\n<li><a href=\"https:\/\/bcu-reszel.pl\/index.php\/szkolenie-obsluga-programow-cad-wykorzystywanych-przy-sporzadzaniu-dokumentacji-technicznej-wyrobow-meblarskich-kurs-rozszerzony\/\">Szkolenie \/ Obs\u0142uga program\u00f3w CAD wykorzystywanych przy sporz\u0105dzaniu dokumentacji technicznej wyrob\u00f3w meblarskich \u2013 kurs rozszerzony<\/a><\/li>\n\n\n\n<li><a href=\"https:\/\/bcu-reszel.pl\/index.php\/szkolenie-chemiczna-obrobka-drewna-i-tworzyw-drewnopochodnych\/\">Szkolenie \/ Chemiczna obr\u00f3bka drewna i tworzyw drewnopochodnych<\/a>&nbsp;<\/li>\n\n\n\n<li><s>Szkolenie\/ Odnawianie pow\u0142ok meblowych&nbsp;<\/s> &#8211; zako\u0144czone<\/li>\n\n\n\n<li><s>Szkolenie \/ Konserwacja drewna<\/s> &#8211; zako\u0144czone<\/li>\n\n\n\n<li><s>Szkolenie \/ Odnawianie mebli tapicerowanych<\/s>  &#8211; zako\u0144czone<\/li>\n\n\n\n<li><s>Kurs \/ Renowacja i konserwacja mebli z wykorzystaniem technologii cyfrowej<\/s> &#8211; zako\u0144czone<\/li>\n<\/ol>\n\n\n\n<p><strong>Nauczyciele:<\/strong><\/p>\n\n\n\n<ol class=\"wp-block-list\">\n<li><s>Szkolenie \/ Cyfrowe projektowanie mebli w oprogramowaniu CAD&nbsp;<\/s>  &#8211; zako\u0144czone<\/li>\n\n\n\n<li><s>Szkolenie \/ Zastosowanie oprogramowania CAD we wzornictwie przemys\u0142owym<\/s> &#8211; zako\u0144czone<\/li>\n\n\n\n<li><s>Szkolenie \/ Renowacja i konserwacja mebli dla nauczycieli kszta\u0142cenia zawodowego<\/s> &#8211; zako\u0144czone<\/li>\n<\/ol>\n\n\n\n<p><strong>Studenci:<\/strong><\/p>\n\n\n\n<ol class=\"wp-block-list\">\n<li><s>Szkolenie \/ Cyfrowe projektowanie mebli w oprogramowaniu CAD<\/s> &#8211; zako\u0144czone<\/li>\n\n\n\n<li><s>Szkolenie \/ Zastosowanie oprogramowania CAD we wzornictwie przemys\u0142owym<\/s> &#8211; zako\u0144czone<\/li>\n\n\n\n<li><s>Szkolenie \/ Programowanie maszyn numerycznych z wykorzystaniem oprogramowania Autodesk Fusion 360 \u2013 obr\u00f3bki prostopad\u0142e<\/s> &#8211; zako\u0144czone<\/li>\n<\/ol>\n\n\n\n<p><strong>Uczniowie:<\/strong><\/p>\n\n\n\n<ol class=\"wp-block-list\">\n<li><s>Szkolenie \/ Programowanie maszyn numerycznych z wykorzystaniem oprogramowania Autodesk Fusion 360 \u2013 obr\u00f3bki krzywolinijne<\/s> &#8211; zako\u0144czone<\/li>\n\n\n\n<li><s>Szkolenie \/ Cyfrowe projektowanie mebli w oprogramowaniu CAD<\/s> &#8211; zako\u0144czone<\/li>\n\n\n\n<li><s>Szkolenie \/ Zastosowanie oprogramowania CAD we wzornictwie przemys\u0142owym<\/s> &#8211; zako\u0144czone<\/li>\n\n\n\n<li><s>Szkolenie \/ Renowacja mebli<\/s> &#8211; zako\u0144czone<\/li>\n\n\n\n<li><s>Szkolenie \/ Konserwacja drewna<\/s> &#8211; zako\u0144czone<\/li>\n<\/ol>\n\n\n\n<p><a id=\"_msocom_1\"><\/a><\/p>\n","protected":false},"excerpt":{"rendered":"<p>Dokumenty rekrutacyjne Osoby doros\u0142e: Nauczyciele: Studenci: Uczniowie:<\/p>\n","protected":false},"author":1,"featured_media":0,"parent":0,"menu_order":0,"comment_status":"closed","ping_status":"closed","template":"","meta":{"_et_pb_use_builder":"off","_et_pb_old_content":"<!-- wp:heading {\"level\":3} -->\n<h3 class=\"wp-block-heading\"><a href=\"https:\/\/bcu-reszel.pl\/index.php\/dokumenty-rekrutacyjne\/\" data-type=\"page\" data-id=\"617\"><mark style=\"background-color:rgba(0, 0, 0, 0)\" class=\"has-inline-color has-vivid-cyan-blue-color\">Dokumenty rekrutacyjne<\/mark><\/a><\/h3>\n<!-- \/wp:heading -->\n\n<!-- wp:paragraph -->\n<p><strong>Osoby doros\u0142e:<\/strong><\/p>\n<!-- \/wp:paragraph -->\n\n<!-- wp:list {\"ordered\":true} -->\n<ol class=\"wp-block-list\"><!-- wp:list-item -->\n<li><s>Szkolenie \/ Cyfrowe projektowanie mebli w oprogramowaniu CAD<\/s> - zako\u0144czone<\/li>\n<!-- \/wp:list-item -->\n\n<!-- wp:list-item -->\n<li><a href=\"https:\/\/bcu-reszel.pl\/index.php\/2026\/03\/24\/szkolenie-zastosowanie-oprogramowania-cad-we-wzornictwie-przemyslowym-4\/\" data-type=\"post\" data-id=\"1103\">Szkolenie \/ Zastosowanie oprogramowania CAD we wzornictwie przemys\u0142owym <\/a><\/li>\n<!-- \/wp:list-item -->\n\n<!-- wp:list-item -->\n<li><s>Szkolenie \/ Programowanie maszyn numerycznych z wykorzystaniem oprogramowania Autodesk Fusion 360 - obr\u00f3bki prostopad\u0142e<\/s> - zako\u0144czone<\/li>\n<!-- \/wp:list-item -->\n\n<!-- wp:list-item -->\n<li><a href=\"https:\/\/bcu-reszel.pl\/index.php\/szkolenie-programowanie-maszyn-numerycznych-z-wykorzystaniem-oprogramowania-autodesk-fusion-360-obrobki-krzywolinijne\/\">Szkolenie \/ Programowanie maszyn numerycznych z wykorzystaniem oprogramowania Autodesk Fusion 360 - obr\u00f3bki krzywolinijne <\/a><\/li>\n<!-- \/wp:list-item -->\n\n<!-- wp:list-item -->\n<li><a href=\"https:\/\/bcu-reszel.pl\/index.php\/kurs-projektowanie-i-wytwarzanie-elementow-drzewnych-i-drewnopochodnych-z-wykorzystaniem-oprogramowania-cad-cam-i-maszyn-sterowanych-numerycznie-3\/\">Kurs \/&nbsp;Projektowanie i wytwarzanie element\u00f3w drzewnych i drewnopochodnych z wykorzystaniem oprogramowania CAD\/CAM i maszyn sterowanych numerycznie<\/a><\/li>\n<!-- \/wp:list-item -->\n\n<!-- wp:list-item -->\n<li><a href=\"https:\/\/bcu-reszel.pl\/index.php\/szkolenie-towaroznawstwo-drzewne-oraz-tworzyw-drzewnych-i-drewnopochodnych\/\">Szkolenie \/ Towaroznawstwo drzewne oraz tworzyw drzewnych i drewnopochodnych<\/a><\/li>\n<!-- \/wp:list-item -->\n\n<!-- wp:list-item -->\n<li><s>Szkolenie \/ Obs\u0142uga program\u00f3w CAD wykorzystywanych przy sporz\u0105dzaniu dokumentacji technicznej wyrob\u00f3w meblarskich \u2013 kurs podstawowy<\/s> - zako\u0144czone<\/li>\n<!-- \/wp:list-item -->\n\n<!-- wp:list-item -->\n<li><a href=\"https:\/\/bcu-reszel.pl\/index.php\/szkolenie-obsluga-programow-cad-wykorzystywanych-przy-sporzadzaniu-dokumentacji-technicznej-wyrobow-meblarskich-kurs-rozszerzony\/\">Szkolenie \/ Obs\u0142uga program\u00f3w CAD wykorzystywanych przy sporz\u0105dzaniu dokumentacji technicznej wyrob\u00f3w meblarskich \u2013 kurs rozszerzony<\/a><\/li>\n<!-- \/wp:list-item -->\n\n<!-- wp:list-item -->\n<li><a href=\"https:\/\/bcu-reszel.pl\/index.php\/szkolenie-chemiczna-obrobka-drewna-i-tworzyw-drewnopochodnych\/\">Szkolenie \/ Chemiczna obr\u00f3bka drewna i tworzyw drewnopochodnych<\/a>&nbsp;<\/li>\n<!-- \/wp:list-item -->\n\n<!-- wp:list-item -->\n<li><s>Szkolenie\/ Odnawianie pow\u0142ok meblowych&nbsp;<\/s> - zako\u0144czone<\/li>\n<!-- \/wp:list-item -->\n\n<!-- wp:list-item -->\n<li><a href=\"https:\/\/bcu-reszel.pl\/index.php\/szkolenie-konserwacja-drewna\/\">Szkolenie \/ Konserwacja drewna<\/a><\/li>\n<!-- \/wp:list-item -->\n\n<!-- wp:list-item -->\n<li><s>Szkolenie \/ Odnawianie mebli tapicerowanych<\/s>  - zako\u0144czone<\/li>\n<!-- \/wp:list-item -->\n\n<!-- wp:list-item -->\n<li><s>Kurs \/ Renowacja i konserwacja mebli z wykorzystaniem technologii cyfrowej<\/s> - zako\u0144czone<\/li>\n<!-- \/wp:list-item --><\/ol>\n<!-- \/wp:list -->\n\n<!-- wp:paragraph -->\n<p><strong>Nauczyciele:<\/strong><\/p>\n<!-- \/wp:paragraph -->\n\n<!-- wp:list {\"ordered\":true} -->\n<ol class=\"wp-block-list\"><!-- wp:list-item -->\n<li><s>Szkolenie \/ Cyfrowe projektowanie mebli w oprogramowaniu CAD&nbsp;<\/s>  - zako\u0144czone<\/li>\n<!-- \/wp:list-item -->\n\n<!-- wp:list-item -->\n<li><s>Szkolenie \/ Zastosowanie oprogramowania CAD we wzornictwie przemys\u0142owym<\/s> - zako\u0144czone<\/li>\n<!-- \/wp:list-item -->\n\n<!-- wp:list-item -->\n<li><s>Szkolenie \/ Renowacja i konserwacja mebli dla nauczycieli kszta\u0142cenia zawodowego<\/s> - zako\u0144czone<\/li>\n<!-- \/wp:list-item --><\/ol>\n<!-- \/wp:list -->\n\n<!-- wp:paragraph -->\n<p><strong>Studenci:<\/strong><\/p>\n<!-- \/wp:paragraph -->\n\n<!-- wp:list {\"ordered\":true} -->\n<ol class=\"wp-block-list\"><!-- wp:list-item -->\n<li><s>Szkolenie \/ Cyfrowe projektowanie mebli w oprogramowaniu CAD<\/s> - zako\u0144czone<\/li>\n<!-- \/wp:list-item -->\n\n<!-- wp:list-item -->\n<li><s>Szkolenie \/ Zastosowanie oprogramowania CAD we wzornictwie przemys\u0142owym<\/s> - zako\u0144czone<\/li>\n<!-- \/wp:list-item -->\n\n<!-- wp:list-item -->\n<li><s>Szkolenie \/ Programowanie maszyn numerycznych z wykorzystaniem oprogramowania Autodesk Fusion 360 \u2013 obr\u00f3bki prostopad\u0142e<\/s> - zako\u0144czone<\/li>\n<!-- \/wp:list-item --><\/ol>\n<!-- \/wp:list -->\n\n<!-- wp:paragraph -->\n<p><strong>Uczniowie:<\/strong><\/p>\n<!-- \/wp:paragraph -->\n\n<!-- wp:list {\"ordered\":true} -->\n<ol class=\"wp-block-list\"><!-- wp:list-item -->\n<li><s>Szkolenie \/ Programowanie maszyn numerycznych z wykorzystaniem oprogramowania Autodesk Fusion 360 \u2013 obr\u00f3bki krzywolinijne<\/s> - zako\u0144czone<\/li>\n<!-- \/wp:list-item -->\n\n<!-- wp:list-item -->\n<li><s>Szkolenie \/ Cyfrowe projektowanie mebli w oprogramowaniu CAD<\/s> - zako\u0144czone<\/li>\n<!-- \/wp:list-item -->\n\n<!-- wp:list-item -->\n<li><s>Szkolenie \/ Zastosowanie oprogramowania CAD we wzornictwie przemys\u0142owym<\/s> - zako\u0144czone<\/li>\n<!-- \/wp:list-item -->\n\n<!-- wp:list-item -->\n<li><s>Szkolenie \/ Renowacja mebli<\/s> - zako\u0144czone<\/li>\n<!-- \/wp:list-item -->\n\n<!-- wp:list-item -->\n<li><s>Szkolenie \/ Konserwacja drewna<\/s> - zako\u0144czone<\/li>\n<!-- \/wp:list-item --><\/ol>\n<!-- \/wp:list -->\n\n<!-- wp:paragraph -->\n<p><a id=\"_msocom_1\"><\/a><\/p>\n<!-- \/wp:paragraph -->","_et_gb_content_width":"1080","footnotes":""},"class_list":["post-119","page","type-page","status-publish","hentry"],"_links":{"self":[{"href":"https:\/\/bcu-reszel.pl\/index.php\/wp-json\/wp\/v2\/pages\/119","targetHints":{"allow":["GET"]}}],"collection":[{"href":"https:\/\/bcu-reszel.pl\/index.php\/wp-json\/wp\/v2\/pages"}],"about":[{"href":"https:\/\/bcu-reszel.pl\/index.php\/wp-json\/wp\/v2\/types\/page"}],"author":[{"embeddable":true,"href":"https:\/\/bcu-reszel.pl\/index.php\/wp-json\/wp\/v2\/users\/1"}],"replies":[{"embeddable":true,"href":"https:\/\/bcu-reszel.pl\/index.php\/wp-json\/wp\/v2\/comments?post=119"}],"version-history":[{"count":56,"href":"https:\/\/bcu-reszel.pl\/index.php\/wp-json\/wp\/v2\/pages\/119\/revisions"}],"predecessor-version":[{"id":1298,"href":"https:\/\/bcu-reszel.pl\/index.php\/wp-json\/wp\/v2\/pages\/119\/revisions\/1298"}],"wp:attachment":[{"href":"https:\/\/bcu-reszel.pl\/index.php\/wp-json\/wp\/v2\/media?parent=119"}],"curies":[{"name":"wp","href":"https:\/\/api.w.org\/{rel}","templated":true}]}}