{"id":110,"date":"2025-01-30T11:54:46","date_gmt":"2025-01-30T10:54:46","guid":{"rendered":"http:\/\/bcu-reszel.pl\/?page_id=110"},"modified":"2025-06-17T10:35:49","modified_gmt":"2025-06-17T08:35:49","slug":"o-bcu","status":"publish","type":"page","link":"https:\/\/bcu-reszel.pl\/index.php\/o-bcu\/","title":{"rendered":"O BCU"},"content":{"rendered":"\n<figure class=\"wp-block-embed is-type-video is-provider-youtube wp-block-embed-youtube wp-embed-aspect-16-9 wp-has-aspect-ratio\"><div class=\"wp-block-embed__wrapper\">\n<iframe loading=\"lazy\" title=\"Bran\u017cowe Centrum Umiej\u0119tno\u015bci w Reszlu\" width=\"1080\" height=\"608\" src=\"https:\/\/www.youtube.com\/embed\/tqcy5dvZo2c?feature=oembed\"  allow=\"accelerometer; autoplay; clipboard-write; encrypted-media; gyroscope; picture-in-picture; web-share\" referrerpolicy=\"strict-origin-when-cross-origin\" allowfullscreen><\/iframe>\n<\/div><\/figure>\n\n\n\n<p>Bran\u017cowe Centrum Umiej\u0119tno\u015bci (BCU) w dziedzinie przemys\u0142u meblarskiego to jedyna w Wojew\u00f3dztwie Warmi\u0144sko-Mazurskim innowacyjna jednostka szkoleniowa, kt\u00f3ra powsta\u0142a w Zespole Szk\u00f3\u0142 im. Macieja Rataja w Reszlu. Centrum stanowi odpowied\u017a na dynamicznie rozwijaj\u0105cy si\u0119 sektor meblarski oraz rosn\u0105ce zapotrzebowanie na wysoko wykwalifikowanych specjalist\u00f3w. <\/p>\n\n\n\n<p>G\u0142\u00f3wnym celem BCU jest kszta\u0142cenie i doskonalenie umiej\u0119tno\u015bci przysz\u0142ych fachowc\u00f3w w bran\u017cy meblarskiej. Oferujemy nowoczesne programy edukacyjne, kursy i szkolenia, kt\u00f3re \u0142\u0105cz\u0105 teori\u0119 z praktyk\u0105, zapewniaj\u0105c kompleksowe przygotowanie do pracy w przemy\u015ble meblarskim.<\/p>\n\n\n\n<p>W ramach Centrum organizujemy kursy i szkolenia zawodowe z zakresu projektowania, produkcji i monta\u017cu mebli, warsztaty praktyczne prowadzone przez do\u015bwiadczonych specjalist\u00f3w i przedstawicieli bran\u017cy oraz szkolenia z zakresu nowoczesnych technologii i innowacyjnych rozwi\u0105za\u0144 w meblarstwie,<\/p>\n\n\n\n<p>Bran\u017cowe Centrum Umiej\u0119tno\u015bci w Zespole Szk\u00f3\u0142 im. M. Rataja w Reszlu dysponuje nowoczesnym zapleczem dydaktycznym, w tym profesjonalnie wyposa\u017conymi pracowniami stolarskimi oraz nowoczesnym sprz\u0119tem do obr\u00f3bki drewna i innych materia\u0142\u00f3w wykorzystywanych w meblarstwie.<\/p>\n\n\n\n<p>BCU w Reszlu pe\u0142ni cztery funkcje: edukacyjno-szkoleniow\u0105, integruj\u0105co-wspieraj\u0105c\u0105, innowacyjno-rozwojow\u0105 i doradczo-promocyjn\u0105, a&nbsp;z&nbsp;jego oferty b\u0119d\u0105 mogli korzysta\u0107 uczniowie, studenci, nauczyciele, wyk\u0142adowcy, pracownicy bran\u017cy drzewno-meblarskiej oraz osoby bezrobotne chc\u0105ce powr\u00f3ci\u0107 na rynek pracy poprzez podniesienie lub zmian\u0119 kwalifikacji zawodowych.<\/p>\n\n\n\n<p>Funkcjonowanie BCU w Reszlu pozytywnie wp\u0142ynie na bran\u017c\u0119 drzewno-meblarsk\u0105 i&nbsp;przyczyni si\u0119 do osi\u0105gni\u0119cia celu Inwestycji \u201eA.3.1.1. Wsparcie rozwoju nowoczesnego kszta\u0142cenia zawodowego, szkolnictwa wy\u017cszego oraz uczenia si\u0119 przez ca\u0142e \u017cycie\u201d, czyli do przygotowania kadr na potrzeby nowoczesnej gospodarki oraz funkcjonowania w sytuacjach kryzysowych.<\/p>\n\n\n\n<p>Cele szczeg\u00f3\u0142owe przedsi\u0119wzi\u0119cia to:<\/p>\n\n\n\n<ul class=\"wp-block-list\">\n<li>wzmocnienie dzia\u0142a\u0144 synergicznych pomi\u0119dzy pracodawcami, edukacj\u0105 zawodow\u0105 na poziomie szk\u00f3\u0142 ponadpodstawowych i uczelni,<\/li>\n\n\n\n<li>wsparcie podnoszenia kompetencji zasob\u00f3w ludzkich poprzez zapewnienie przestrzeni dla innowacyjnej i trwa\u0142ej wsp\u00f3\u0142pracy przedsi\u0119biorc\u00f3w z edukacj\u0105 zawodow\u0105,<\/li>\n\n\n\n<li>zapewnienie wykwalifikowanych kadr odpowiadaj\u0105cych na potrzeby nowoczesnej gospodarki w bran\u017cy drzewno-meblarskiej,<\/li>\n\n\n\n<li>wzmocnienie systemu reformy kszta\u0142cenia zawodowego wdra\u017canej przez resort edukacji od 2019 r.<\/li>\n\n\n\n<li>wdro\u017cenie w praktyce zmiany systemowej wyra\u017conej w ustawie Prawo o\u015bwiatowe, w&nbsp;postaci w\u0142\u0105czenia interesariuszy kszta\u0142cenia zawodowego, w tym w szczeg\u00f3lno\u015bci organizacji pracodawc\u00f3w, samorz\u0105d\u00f3w gospodarczych i innych organizacji gospodarczych, stowarzysze\u0144 lub samorz\u0105d\u00f3w zawodowych, we wspieranie systemu o\u015bwiaty w zakresie kszta\u0142cenia zawodowego,<\/li>\n\n\n\n<li>wdro\u017cenie koncepcji doskona\u0142o\u015bci zawodowej w polskim systemie kszta\u0142cenia zawodowego, tym samym realizacja europejskiej inicjatywy centr\u00f3w doskona\u0142o\u015bci zawodowej (ang. Centres of Vocational Excellence \u2013 CoVEs).<\/li>\n<\/ul>\n\n\n\n<hr class=\"wp-block-separator has-alpha-channel-opacity\"\/>\n\n\n\n<p>Zapraszamy do skorzystania z naszej oferty edukacyjnej. Bran\u017cowe Centrum Umiej\u0119tno\u015bci w Reszlu to miejsce, gdzie pasja do meblarstwa \u0142\u0105czy si\u0119 z profesjonalizmem i nowoczesn\u0105 technologi\u0105. Skontaktuj si\u0119 z nami, aby dowiedzie\u0107 si\u0119 wi\u0119cej o mo\u017cliwo\u015bciach kszta\u0142cenia i rozwoju zawodowego.<\/p>\n\n\n\n<p>Budynek  BCU jest dostosowany do potrzeb os\u00f3b z niepe\u0142nosprawno\u015bciami.<\/p>\n\n\n\n<hr class=\"wp-block-separator has-alpha-channel-opacity\"\/>\n\n\n\n<p><a id=\"_msocom_1\"><\/a><\/p>\n\n\n\n<p><\/p>\n\n\n\n<p><\/p>\n","protected":false},"excerpt":{"rendered":"<p>Bran\u017cowe Centrum Umiej\u0119tno\u015bci (BCU) w dziedzinie przemys\u0142u meblarskiego to jedyna w Wojew\u00f3dztwie Warmi\u0144sko-Mazurskim innowacyjna jednostka szkoleniowa, kt\u00f3ra powsta\u0142a w Zespole Szk\u00f3\u0142 im. Macieja Rataja w Reszlu. Centrum stanowi odpowied\u017a na dynamicznie rozwijaj\u0105cy si\u0119 sektor meblarski oraz rosn\u0105ce zapotrzebowanie na wysoko wykwalifikowanych specjalist\u00f3w. G\u0142\u00f3wnym celem BCU jest kszta\u0142cenie i doskonalenie umiej\u0119tno\u015bci przysz\u0142ych fachowc\u00f3w w bran\u017cy meblarskiej. [&hellip;]<\/p>\n","protected":false},"author":1,"featured_media":0,"parent":0,"menu_order":0,"comment_status":"closed","ping_status":"closed","template":"","meta":{"_et_pb_use_builder":"off","_et_pb_old_content":"","_et_gb_content_width":"1080","footnotes":""},"class_list":["post-110","page","type-page","status-publish","hentry"],"_links":{"self":[{"href":"https:\/\/bcu-reszel.pl\/index.php\/wp-json\/wp\/v2\/pages\/110","targetHints":{"allow":["GET"]}}],"collection":[{"href":"https:\/\/bcu-reszel.pl\/index.php\/wp-json\/wp\/v2\/pages"}],"about":[{"href":"https:\/\/bcu-reszel.pl\/index.php\/wp-json\/wp\/v2\/types\/page"}],"author":[{"embeddable":true,"href":"https:\/\/bcu-reszel.pl\/index.php\/wp-json\/wp\/v2\/users\/1"}],"replies":[{"embeddable":true,"href":"https:\/\/bcu-reszel.pl\/index.php\/wp-json\/wp\/v2\/comments?post=110"}],"version-history":[{"count":6,"href":"https:\/\/bcu-reszel.pl\/index.php\/wp-json\/wp\/v2\/pages\/110\/revisions"}],"predecessor-version":[{"id":478,"href":"https:\/\/bcu-reszel.pl\/index.php\/wp-json\/wp\/v2\/pages\/110\/revisions\/478"}],"wp:attachment":[{"href":"https:\/\/bcu-reszel.pl\/index.php\/wp-json\/wp\/v2\/media?parent=110"}],"curies":[{"name":"wp","href":"https:\/\/api.w.org\/{rel}","templated":true}]}}